{"id":559,"date":"2015-04-19T21:51:35","date_gmt":"2015-04-19T19:51:35","guid":{"rendered":"http:\/\/www.sandravandebergh.nl\/?page_id=559"},"modified":"2019-02-27T13:33:04","modified_gmt":"2019-02-27T11:33:04","slug":"live-bilder","status":"publish","type":"page","link":"https:\/\/sandravandebergh.nl\/?page_id=559","title":{"rendered":"Live-Bilder"},"content":{"rendered":"<p><span style=\"color: #000000;\">Hier gibt es einige Live-Bilder von Xandra. Mehr aktuelle Bilder finden Sie auf<\/span> <a href=\"https:\/\/www.facebook.com\/XandraSingerSongwriter\/\">Xandras offizielle Facebook Seite<\/a>.<\/p>\n\t\t\t\t\t\t<div class=\"gallery_box_single\">\n\t\t\t\t\t\t\t\t\t\t\t\t\t\t\t<div class=\"gallery gllr_grid\" data-gllr-columns=\"3\" data-gllr-border-width=\"10\">\n\t\t\t\t\t\t\t\t\t\t\t\t\t\t\t\t\t\t\t\t<div class=\"gllr_image_row\">\n\t\t\t\t\t\t\t\t\t\t\t\t\t\t\t\t\t\t\t\t\t<div class=\"gllr_image_block\">\n\t\t\t\t\t\t\t\t\t\t\t\t<p style=\"\n\t\t\t\t\t\t\t\t\t\t\t\twidth:180px;height:140px;\t\t\t\t\t\t\t\t\t\t\t\t\">\n\t\t\t\t\t\t\t\t\t\t\t\t\t\t\t\t\t\t\t\t\t\t\t\t\t\t\t\t<a data-fancybox=\"gallery_fancybox_553\" href=\"https:\/\/sandravandebergh.nl\/wp-content\/uploads\/2015\/04\/Ingo-01.jpg\" title=\"\" >\n\t\t\t\t\t\t\t\t\t\t\t\t\t\t\t\t<img width=&quot;160&quot; height=&quot;120&quot; style=\"width:160px; height:120px; border-width: 10px; border-color:#F1F1F1;border: 10px solid #F1F1F1\" alt=\"\" title=\"\" src=\"https:\/\/sandravandebergh.nl\/wp-content\/uploads\/2015\/04\/Ingo-01-160x120.jpg\" rel=\"https:\/\/sandravandebergh.nl\/wp-content\/uploads\/2015\/04\/Ingo-01.jpg\" \/>\t\t\t\t\t\t\t\t\t\t\t\t\t\t\t<\/a>\n\t\t\t\t\t\t\t\t\t\t\t\t\t\t\t\t\t\t\t\t\t\t\t\t\t\t<\/p>\n\t\t\t\t\t\t\t\t\t\t\t\t\t\t\t\t\t\t\t\t\t\t\t\t\t<div \n\t\t\t\t\t\t\t\t\t\t\t\t\tstyle=\"width:180px;\"\t\t\t\t\t\t\t\t\t\t\t\t\tclass=\"gllr_single_image_text gllr_single_image_text_under\">&nbsp;<\/div>\n\t\t\t\t\t\t\t\t\t\t\t\t\t\t\t\t\t\t\t\t\t\t\t<\/div><!-- .gllr_image_block -->\n\t\t\t\t\t\t\t\t\t\t\t\t\t\t\t\t\t\t\t\t\t<div class=\"gllr_image_block\">\n\t\t\t\t\t\t\t\t\t\t\t\t<p style=\"\n\t\t\t\t\t\t\t\t\t\t\t\twidth:180px;height:140px;\t\t\t\t\t\t\t\t\t\t\t\t\">\n\t\t\t\t\t\t\t\t\t\t\t\t\t\t\t\t\t\t\t\t\t\t\t\t\t\t\t\t<a data-fancybox=\"gallery_fancybox_553\" href=\"https:\/\/sandravandebergh.nl\/wp-content\/uploads\/2015\/04\/Gabriele-01.jpg\" title=\"\" >\n\t\t\t\t\t\t\t\t\t\t\t\t\t\t\t\t<img width=&quot;160&quot; height=&quot;120&quot; style=\"width:160px; height:120px; border-width: 10px; border-color:#F1F1F1;border: 10px solid #F1F1F1\" alt=\"\" title=\"\" src=\"https:\/\/sandravandebergh.nl\/wp-content\/uploads\/2015\/04\/Gabriele-01-160x120.jpg\" rel=\"https:\/\/sandravandebergh.nl\/wp-content\/uploads\/2015\/04\/Gabriele-01.jpg\" \/>\t\t\t\t\t\t\t\t\t\t\t\t\t\t\t<\/a>\n\t\t\t\t\t\t\t\t\t\t\t\t\t\t\t\t\t\t\t\t\t\t\t\t\t\t<\/p>\n\t\t\t\t\t\t\t\t\t\t\t\t\t\t\t\t\t\t\t\t\t\t\t\t\t<div \n\t\t\t\t\t\t\t\t\t\t\t\t\tstyle=\"width:180px;\"\t\t\t\t\t\t\t\t\t\t\t\t\tclass=\"gllr_single_image_text gllr_single_image_text_under\">&nbsp;<\/div>\n\t\t\t\t\t\t\t\t\t\t\t\t\t\t\t\t\t\t\t\t\t\t\t<\/div><!-- .gllr_image_block -->\n\t\t\t\t\t\t\t\t\t\t\t\t\t\t\t\t\t\t\t\t\t<div class=\"gllr_image_block\">\n\t\t\t\t\t\t\t\t\t\t\t\t<p style=\"\n\t\t\t\t\t\t\t\t\t\t\t\twidth:180px;height:140px;\t\t\t\t\t\t\t\t\t\t\t\t\">\n\t\t\t\t\t\t\t\t\t\t\t\t\t\t\t\t\t\t\t\t\t\t\t\t\t\t\t\t<a data-fancybox=\"gallery_fancybox_553\" href=\"https:\/\/sandravandebergh.nl\/wp-content\/uploads\/2015\/04\/10329256_450411098433232_7308279095155332277_n.jpg\" title=\"\" >\n\t\t\t\t\t\t\t\t\t\t\t\t\t\t\t\t<img width=&quot;160&quot; height=&quot;120&quot; style=\"width:160px; height:120px; border-width: 10px; border-color:#F1F1F1;border: 10px solid #F1F1F1\" alt=\"\" title=\"\" src=\"https:\/\/sandravandebergh.nl\/wp-content\/uploads\/2015\/04\/10329256_450411098433232_7308279095155332277_n-160x120.jpg\" rel=\"https:\/\/sandravandebergh.nl\/wp-content\/uploads\/2015\/04\/10329256_450411098433232_7308279095155332277_n.jpg\" \/>\t\t\t\t\t\t\t\t\t\t\t\t\t\t\t<\/a>\n\t\t\t\t\t\t\t\t\t\t\t\t\t\t\t\t\t\t\t\t\t\t\t\t\t\t<\/p>\n\t\t\t\t\t\t\t\t\t\t\t\t\t\t\t\t\t\t\t\t\t\t\t\t\t<div \n\t\t\t\t\t\t\t\t\t\t\t\t\tstyle=\"width:180px;\"\t\t\t\t\t\t\t\t\t\t\t\t\tclass=\"gllr_single_image_text gllr_single_image_text_under\">&nbsp;<\/div>\n\t\t\t\t\t\t\t\t\t\t\t\t\t\t\t\t\t\t\t\t\t\t\t<\/div><!-- .gllr_image_block -->\n\t\t\t\t\t\t\t\t\t\t\t\t\t\t\t\t\t\t\t\t\t<\/div><!-- .gllr_image_row -->\n\t\t\t\t\t\t\t\t\t\t\t\t\t\t\t\t\t\t\t\t\t\t<div class=\"gllr_image_row\">\n\t\t\t\t\t\t\t\t\t\t\t\t\t\t\t\t\t\t\t\t\t<div class=\"gllr_image_block\">\n\t\t\t\t\t\t\t\t\t\t\t\t<p style=\"\n\t\t\t\t\t\t\t\t\t\t\t\twidth:180px;height:140px;\t\t\t\t\t\t\t\t\t\t\t\t\">\n\t\t\t\t\t\t\t\t\t\t\t\t\t\t\t\t\t\t\t\t\t\t\t\t\t\t\t\t<a data-fancybox=\"gallery_fancybox_553\" href=\"https:\/\/sandravandebergh.nl\/wp-content\/uploads\/2015\/04\/10593077_363453093826806_8467610488893628785_n.jpg\" title=\"\" >\n\t\t\t\t\t\t\t\t\t\t\t\t\t\t\t\t<img width=&quot;160&quot; height=&quot;120&quot; style=\"width:160px; height:120px; border-width: 10px; border-color:#F1F1F1;border: 10px solid #F1F1F1\" alt=\"\" title=\"\" src=\"https:\/\/sandravandebergh.nl\/wp-content\/uploads\/2015\/04\/10593077_363453093826806_8467610488893628785_n-160x120.jpg\" rel=\"https:\/\/sandravandebergh.nl\/wp-content\/uploads\/2015\/04\/10593077_363453093826806_8467610488893628785_n.jpg\" \/>\t\t\t\t\t\t\t\t\t\t\t\t\t\t\t<\/a>\n\t\t\t\t\t\t\t\t\t\t\t\t\t\t\t\t\t\t\t\t\t\t\t\t\t\t<\/p>\n\t\t\t\t\t\t\t\t\t\t\t\t\t\t\t\t\t\t\t\t\t\t\t\t\t<div \n\t\t\t\t\t\t\t\t\t\t\t\t\tstyle=\"width:180px;\"\t\t\t\t\t\t\t\t\t\t\t\t\tclass=\"gllr_single_image_text gllr_single_image_text_under\">&nbsp;<\/div>\n\t\t\t\t\t\t\t\t\t\t\t\t\t\t\t\t\t\t\t\t\t\t\t<\/div><!-- .gllr_image_block -->\n\t\t\t\t\t\t\t\t\t\t\t\t\t\t\t\t\t\t\t\t\t<div class=\"gllr_image_block\">\n\t\t\t\t\t\t\t\t\t\t\t\t<p style=\"\n\t\t\t\t\t\t\t\t\t\t\t\twidth:180px;height:140px;\t\t\t\t\t\t\t\t\t\t\t\t\">\n\t\t\t\t\t\t\t\t\t\t\t\t\t\t\t\t\t\t\t\t\t\t\t\t\t\t\t\t<a data-fancybox=\"gallery_fancybox_553\" href=\"https:\/\/sandravandebergh.nl\/wp-content\/uploads\/2015\/04\/Ingo-05.jpg\" title=\"\" >\n\t\t\t\t\t\t\t\t\t\t\t\t\t\t\t\t<img width=&quot;160&quot; height=&quot;120&quot; style=\"width:160px; height:120px; border-width: 10px; border-color:#F1F1F1;border: 10px solid #F1F1F1\" alt=\"\" title=\"\" src=\"https:\/\/sandravandebergh.nl\/wp-content\/uploads\/2015\/04\/Ingo-05-160x120.jpg\" rel=\"https:\/\/sandravandebergh.nl\/wp-content\/uploads\/2015\/04\/Ingo-05.jpg\" \/>\t\t\t\t\t\t\t\t\t\t\t\t\t\t\t<\/a>\n\t\t\t\t\t\t\t\t\t\t\t\t\t\t\t\t\t\t\t\t\t\t\t\t\t\t<\/p>\n\t\t\t\t\t\t\t\t\t\t\t\t\t\t\t\t\t\t\t\t\t\t\t\t\t<div \n\t\t\t\t\t\t\t\t\t\t\t\t\tstyle=\"width:180px;\"\t\t\t\t\t\t\t\t\t\t\t\t\tclass=\"gllr_single_image_text gllr_single_image_text_under\">&nbsp;<\/div>\n\t\t\t\t\t\t\t\t\t\t\t\t\t\t\t\t\t\t\t\t\t\t\t<\/div><!-- .gllr_image_block -->\n\t\t\t\t\t\t\t\t\t\t\t\t\t\t\t\t\t\t\t\t\t<div class=\"gllr_image_block\">\n\t\t\t\t\t\t\t\t\t\t\t\t<p style=\"\n\t\t\t\t\t\t\t\t\t\t\t\twidth:180px;height:140px;\t\t\t\t\t\t\t\t\t\t\t\t\">\n\t\t\t\t\t\t\t\t\t\t\t\t\t\t\t\t\t\t\t\t\t\t\t\t\t\t\t\t<a data-fancybox=\"gallery_fancybox_553\" href=\"https:\/\/sandravandebergh.nl\/wp-content\/uploads\/2015\/04\/10345812_303020243203425_2936739101773651176_n.jpg\" title=\"\" >\n\t\t\t\t\t\t\t\t\t\t\t\t\t\t\t\t<img width=&quot;160&quot; height=&quot;120&quot; style=\"width:160px; height:120px; border-width: 10px; border-color:#F1F1F1;border: 10px solid #F1F1F1\" alt=\"\" title=\"\" src=\"https:\/\/sandravandebergh.nl\/wp-content\/uploads\/2015\/04\/10345812_303020243203425_2936739101773651176_n-160x120.jpg\" rel=\"https:\/\/sandravandebergh.nl\/wp-content\/uploads\/2015\/04\/10345812_303020243203425_2936739101773651176_n.jpg\" \/>\t\t\t\t\t\t\t\t\t\t\t\t\t\t\t<\/a>\n\t\t\t\t\t\t\t\t\t\t\t\t\t\t\t\t\t\t\t\t\t\t\t\t\t\t<\/p>\n\t\t\t\t\t\t\t\t\t\t\t\t\t\t\t\t\t\t\t\t\t\t\t\t\t<div \n\t\t\t\t\t\t\t\t\t\t\t\t\tstyle=\"width:180px;\"\t\t\t\t\t\t\t\t\t\t\t\t\tclass=\"gllr_single_image_text gllr_single_image_text_under\">&nbsp;<\/div>\n\t\t\t\t\t\t\t\t\t\t\t\t\t\t\t\t\t\t\t\t\t\t\t<\/div><!-- .gllr_image_block -->\n\t\t\t\t\t\t\t\t\t\t\t\t\t\t\t\t\t\t\t\t\t<\/div><!-- .gllr_image_row -->\n\t\t\t\t\t\t\t\t\t\t\t\t\t\t\t\t\t\t\t\t\t\t<div class=\"gllr_image_row\">\n\t\t\t\t\t\t\t\t\t\t\t\t\t\t\t\t\t\t\t\t\t<div class=\"gllr_image_block\">\n\t\t\t\t\t\t\t\t\t\t\t\t<p style=\"\n\t\t\t\t\t\t\t\t\t\t\t\twidth:180px;height:140px;\t\t\t\t\t\t\t\t\t\t\t\t\">\n\t\t\t\t\t\t\t\t\t\t\t\t\t\t\t\t\t\t\t\t\t\t\t\t\t\t\t\t<a data-fancybox=\"gallery_fancybox_553\" href=\"https:\/\/sandravandebergh.nl\/wp-content\/uploads\/2015\/04\/Angelika-Helmer-4.jpg\" title=\"\" >\n\t\t\t\t\t\t\t\t\t\t\t\t\t\t\t\t<img width=&quot;160&quot; height=&quot;120&quot; style=\"width:160px; height:120px; border-width: 10px; border-color:#F1F1F1;border: 10px solid #F1F1F1\" alt=\"\" title=\"\" src=\"https:\/\/sandravandebergh.nl\/wp-content\/uploads\/2015\/04\/Angelika-Helmer-4-160x120.jpg\" rel=\"https:\/\/sandravandebergh.nl\/wp-content\/uploads\/2015\/04\/Angelika-Helmer-4.jpg\" \/>\t\t\t\t\t\t\t\t\t\t\t\t\t\t\t<\/a>\n\t\t\t\t\t\t\t\t\t\t\t\t\t\t\t\t\t\t\t\t\t\t\t\t\t\t<\/p>\n\t\t\t\t\t\t\t\t\t\t\t\t\t\t\t\t\t\t\t\t\t\t\t\t\t<div \n\t\t\t\t\t\t\t\t\t\t\t\t\tstyle=\"width:180px;\"\t\t\t\t\t\t\t\t\t\t\t\t\tclass=\"gllr_single_image_text gllr_single_image_text_under\">&nbsp;<\/div>\n\t\t\t\t\t\t\t\t\t\t\t\t\t\t\t\t\t\t\t\t\t\t\t<\/div><!-- .gllr_image_block -->\n\t\t\t\t\t\t\t\t\t\t\t\t\t\t\t\t\t\t\t\t\t<div class=\"gllr_image_block\">\n\t\t\t\t\t\t\t\t\t\t\t\t<p style=\"\n\t\t\t\t\t\t\t\t\t\t\t\twidth:180px;height:140px;\t\t\t\t\t\t\t\t\t\t\t\t\">\n\t\t\t\t\t\t\t\t\t\t\t\t\t\t\t\t\t\t\t\t\t\t\t\t\t\t\t\t<a data-fancybox=\"gallery_fancybox_553\" href=\"https:\/\/sandravandebergh.nl\/wp-content\/uploads\/2015\/04\/389006_389057027820614_594812695_n.jpg\" title=\"\" >\n\t\t\t\t\t\t\t\t\t\t\t\t\t\t\t\t<img width=&quot;160&quot; height=&quot;120&quot; style=\"width:160px; height:120px; border-width: 10px; border-color:#F1F1F1;border: 10px solid #F1F1F1\" alt=\"\" title=\"\" src=\"https:\/\/sandravandebergh.nl\/wp-content\/uploads\/2015\/04\/389006_389057027820614_594812695_n-160x120.jpg\" rel=\"https:\/\/sandravandebergh.nl\/wp-content\/uploads\/2015\/04\/389006_389057027820614_594812695_n.jpg\" \/>\t\t\t\t\t\t\t\t\t\t\t\t\t\t\t<\/a>\n\t\t\t\t\t\t\t\t\t\t\t\t\t\t\t\t\t\t\t\t\t\t\t\t\t\t<\/p>\n\t\t\t\t\t\t\t\t\t\t\t\t\t\t\t\t\t\t\t\t\t\t\t\t\t<div \n\t\t\t\t\t\t\t\t\t\t\t\t\tstyle=\"width:180px;\"\t\t\t\t\t\t\t\t\t\t\t\t\tclass=\"gllr_single_image_text gllr_single_image_text_under\">&nbsp;<\/div>\n\t\t\t\t\t\t\t\t\t\t\t\t\t\t\t\t\t\t\t\t\t\t\t<\/div><!-- .gllr_image_block -->\n\t\t\t\t\t\t\t\t\t\t\t\t\t\t\t\t\t\t\t\t\t<div class=\"gllr_image_block\">\n\t\t\t\t\t\t\t\t\t\t\t\t<p style=\"\n\t\t\t\t\t\t\t\t\t\t\t\twidth:180px;height:140px;\t\t\t\t\t\t\t\t\t\t\t\t\">\n\t\t\t\t\t\t\t\t\t\t\t\t\t\t\t\t\t\t\t\t\t\t\t\t\t\t\t\t<a data-fancybox=\"gallery_fancybox_553\" href=\"https:\/\/sandravandebergh.nl\/wp-content\/uploads\/2015\/05\/11214106_1541927886081778_8998700847967175568_n5544855e2a9ee.jpg\" title=\"\" >\n\t\t\t\t\t\t\t\t\t\t\t\t\t\t\t\t<img width=&quot;160&quot; height=&quot;120&quot; style=\"width:160px; height:120px; border-width: 10px; border-color:#F1F1F1;border: 10px solid #F1F1F1\" alt=\"\" title=\"\" src=\"https:\/\/sandravandebergh.nl\/wp-content\/uploads\/2015\/05\/11214106_1541927886081778_8998700847967175568_n5544855e2a9ee-160x120.jpg\" rel=\"https:\/\/sandravandebergh.nl\/wp-content\/uploads\/2015\/05\/11214106_1541927886081778_8998700847967175568_n5544855e2a9ee.jpg\" \/>\t\t\t\t\t\t\t\t\t\t\t\t\t\t\t<\/a>\n\t\t\t\t\t\t\t\t\t\t\t\t\t\t\t\t\t\t\t\t\t\t\t\t\t\t<\/p>\n\t\t\t\t\t\t\t\t\t\t\t\t\t\t\t\t\t\t\t\t\t\t\t\t\t<div \n\t\t\t\t\t\t\t\t\t\t\t\t\tstyle=\"width:180px;\"\t\t\t\t\t\t\t\t\t\t\t\t\tclass=\"gllr_single_image_text gllr_single_image_text_under\">&nbsp;<\/div>\n\t\t\t\t\t\t\t\t\t\t\t\t\t\t\t\t\t\t\t\t\t\t\t<\/div><!-- .gllr_image_block -->\n\t\t\t\t\t\t\t\t\t\t\t\t\t\t\t\t\t\t\t\t\t<\/div><!-- .gllr_image_row -->\n\t\t\t\t\t\t\t\t\t\t\t\t\t\t\t\t\t\t\t\t\t\t<div class=\"gllr_image_row\">\n\t\t\t\t\t\t\t\t\t\t\t\t\t\t\t\t\t\t\t\t\t<div class=\"gllr_image_block\">\n\t\t\t\t\t\t\t\t\t\t\t\t<p style=\"\n\t\t\t\t\t\t\t\t\t\t\t\twidth:180px;height:140px;\t\t\t\t\t\t\t\t\t\t\t\t\">\n\t\t\t\t\t\t\t\t\t\t\t\t\t\t\t\t\t\t\t\t\t\t\t\t\t\t\t\t<a data-fancybox=\"gallery_fancybox_553\" href=\"https:\/\/sandravandebergh.nl\/wp-content\/uploads\/2015\/05\/11201911_1541926959415204_6793524222561106388_n.jpg\" title=\"\" >\n\t\t\t\t\t\t\t\t\t\t\t\t\t\t\t\t<img width=&quot;160&quot; height=&quot;120&quot; style=\"width:160px; height:120px; border-width: 10px; border-color:#F1F1F1;border: 10px solid #F1F1F1\" alt=\"\" title=\"\" src=\"https:\/\/sandravandebergh.nl\/wp-content\/uploads\/2015\/05\/11201911_1541926959415204_6793524222561106388_n-160x120.jpg\" rel=\"https:\/\/sandravandebergh.nl\/wp-content\/uploads\/2015\/05\/11201911_1541926959415204_6793524222561106388_n.jpg\" \/>\t\t\t\t\t\t\t\t\t\t\t\t\t\t\t<\/a>\n\t\t\t\t\t\t\t\t\t\t\t\t\t\t\t\t\t\t\t\t\t\t\t\t\t\t<\/p>\n\t\t\t\t\t\t\t\t\t\t\t\t\t\t\t\t\t\t\t\t\t\t\t\t\t<div \n\t\t\t\t\t\t\t\t\t\t\t\t\tstyle=\"width:180px;\"\t\t\t\t\t\t\t\t\t\t\t\t\tclass=\"gllr_single_image_text gllr_single_image_text_under\">&nbsp;<\/div>\n\t\t\t\t\t\t\t\t\t\t\t\t\t\t\t\t\t\t\t\t\t\t\t<\/div><!-- .gllr_image_block -->\n\t\t\t\t\t\t\t\t\t\t\t\t\t\t\t\t\t\t\t\t\t<div class=\"gllr_image_block\">\n\t\t\t\t\t\t\t\t\t\t\t\t<p style=\"\n\t\t\t\t\t\t\t\t\t\t\t\twidth:180px;height:140px;\t\t\t\t\t\t\t\t\t\t\t\t\">\n\t\t\t\t\t\t\t\t\t\t\t\t\t\t\t\t\t\t\t\t\t\t\t\t\t\t\t\t<a data-fancybox=\"gallery_fancybox_553\" href=\"https:\/\/sandravandebergh.nl\/wp-content\/uploads\/2015\/05\/11206054_1541928136081753_2539550494378429846_n.jpg\" title=\"\" >\n\t\t\t\t\t\t\t\t\t\t\t\t\t\t\t\t<img width=&quot;160&quot; height=&quot;120&quot; style=\"width:160px; height:120px; border-width: 10px; border-color:#F1F1F1;border: 10px solid #F1F1F1\" alt=\"\" title=\"\" src=\"https:\/\/sandravandebergh.nl\/wp-content\/uploads\/2015\/05\/11206054_1541928136081753_2539550494378429846_n-160x120.jpg\" rel=\"https:\/\/sandravandebergh.nl\/wp-content\/uploads\/2015\/05\/11206054_1541928136081753_2539550494378429846_n.jpg\" \/>\t\t\t\t\t\t\t\t\t\t\t\t\t\t\t<\/a>\n\t\t\t\t\t\t\t\t\t\t\t\t\t\t\t\t\t\t\t\t\t\t\t\t\t\t<\/p>\n\t\t\t\t\t\t\t\t\t\t\t\t\t\t\t\t\t\t\t\t\t\t\t\t\t<div \n\t\t\t\t\t\t\t\t\t\t\t\t\tstyle=\"width:180px;\"\t\t\t\t\t\t\t\t\t\t\t\t\tclass=\"gllr_single_image_text gllr_single_image_text_under\">&nbsp;<\/div>\n\t\t\t\t\t\t\t\t\t\t\t\t\t\t\t\t\t\t\t\t\t\t\t<\/div><!-- .gllr_image_block -->\n\t\t\t\t\t\t\t\t\t\t\t\t\t\t\t\t\t\t\t\t\t<div class=\"gllr_image_block\">\n\t\t\t\t\t\t\t\t\t\t\t\t<p style=\"\n\t\t\t\t\t\t\t\t\t\t\t\twidth:180px;height:140px;\t\t\t\t\t\t\t\t\t\t\t\t\">\n\t\t\t\t\t\t\t\t\t\t\t\t\t\t\t\t\t\t\t\t\t\t\t\t\t\t\t\t<a data-fancybox=\"gallery_fancybox_553\" href=\"https:\/\/sandravandebergh.nl\/wp-content\/uploads\/2015\/05\/Wolfgang-Forster-02.jpg\" title=\"\" >\n\t\t\t\t\t\t\t\t\t\t\t\t\t\t\t\t<img width=&quot;160&quot; height=&quot;120&quot; style=\"width:160px; height:120px; border-width: 10px; border-color:#F1F1F1;border: 10px solid #F1F1F1\" alt=\"\" title=\"\" src=\"https:\/\/sandravandebergh.nl\/wp-content\/uploads\/2015\/05\/Wolfgang-Forster-02-160x120.jpg\" rel=\"https:\/\/sandravandebergh.nl\/wp-content\/uploads\/2015\/05\/Wolfgang-Forster-02.jpg\" \/>\t\t\t\t\t\t\t\t\t\t\t\t\t\t\t<\/a>\n\t\t\t\t\t\t\t\t\t\t\t\t\t\t\t\t\t\t\t\t\t\t\t\t\t\t<\/p>\n\t\t\t\t\t\t\t\t\t\t\t\t\t\t\t\t\t\t\t\t\t\t\t\t\t<div \n\t\t\t\t\t\t\t\t\t\t\t\t\tstyle=\"width:180px;\"\t\t\t\t\t\t\t\t\t\t\t\t\tclass=\"gllr_single_image_text gllr_single_image_text_under\">&nbsp;<\/div>\n\t\t\t\t\t\t\t\t\t\t\t\t\t\t\t\t\t\t\t\t\t\t\t<\/div><!-- .gllr_image_block -->\n\t\t\t\t\t\t\t\t\t\t\t\t\t\t\t\t\t\t\t\t\t<\/div><!-- .gllr_image_row -->\n\t\t\t\t\t\t\t\t\t\t\t\t\t\t\t\t\t\t\t\t\t\t<div class=\"gllr_image_row\">\n\t\t\t\t\t\t\t\t\t\t\t\t\t\t\t\t\t\t\t\t\t<div class=\"gllr_image_block\">\n\t\t\t\t\t\t\t\t\t\t\t\t<p style=\"\n\t\t\t\t\t\t\t\t\t\t\t\twidth:180px;height:140px;\t\t\t\t\t\t\t\t\t\t\t\t\">\n\t\t\t\t\t\t\t\t\t\t\t\t\t\t\t\t\t\t\t\t\t\t\t\t\t\t\t\t<a data-fancybox=\"gallery_fancybox_553\" href=\"https:\/\/sandravandebergh.nl\/wp-content\/uploads\/2015\/05\/Wolfgang-Forster-03.jpg\" title=\"\" >\n\t\t\t\t\t\t\t\t\t\t\t\t\t\t\t\t<img width=&quot;160&quot; height=&quot;120&quot; style=\"width:160px; height:120px; border-width: 10px; border-color:#F1F1F1;border: 10px solid #F1F1F1\" alt=\"\" title=\"\" src=\"https:\/\/sandravandebergh.nl\/wp-content\/uploads\/2015\/05\/Wolfgang-Forster-03-160x120.jpg\" rel=\"https:\/\/sandravandebergh.nl\/wp-content\/uploads\/2015\/05\/Wolfgang-Forster-03.jpg\" \/>\t\t\t\t\t\t\t\t\t\t\t\t\t\t\t<\/a>\n\t\t\t\t\t\t\t\t\t\t\t\t\t\t\t\t\t\t\t\t\t\t\t\t\t\t<\/p>\n\t\t\t\t\t\t\t\t\t\t\t\t\t\t\t\t\t\t\t\t\t\t\t\t\t<div \n\t\t\t\t\t\t\t\t\t\t\t\t\tstyle=\"width:180px;\"\t\t\t\t\t\t\t\t\t\t\t\t\tclass=\"gllr_single_image_text gllr_single_image_text_under\">&nbsp;<\/div>\n\t\t\t\t\t\t\t\t\t\t\t\t\t\t\t\t\t\t\t\t\t\t\t<\/div><!-- .gllr_image_block -->\n\t\t\t\t\t\t\t\t\t\t\t\t\t\t\t\t\t\t\t\t\t<div class=\"gllr_image_block\">\n\t\t\t\t\t\t\t\t\t\t\t\t<p style=\"\n\t\t\t\t\t\t\t\t\t\t\t\twidth:180px;height:140px;\t\t\t\t\t\t\t\t\t\t\t\t\">\n\t\t\t\t\t\t\t\t\t\t\t\t\t\t\t\t\t\t\t\t\t\t\t\t\t\t\t\t<a data-fancybox=\"gallery_fancybox_553\" href=\"https:\/\/sandravandebergh.nl\/wp-content\/uploads\/2015\/05\/Gabriele-0855466e12613de.jpg\" title=\"\" >\n\t\t\t\t\t\t\t\t\t\t\t\t\t\t\t\t<img width=&quot;160&quot; height=&quot;120&quot; style=\"width:160px; height:120px; border-width: 10px; border-color:#F1F1F1;border: 10px solid #F1F1F1\" alt=\"\" title=\"\" src=\"https:\/\/sandravandebergh.nl\/wp-content\/uploads\/2015\/05\/Gabriele-0855466e12613de-160x120.jpg\" rel=\"https:\/\/sandravandebergh.nl\/wp-content\/uploads\/2015\/05\/Gabriele-0855466e12613de.jpg\" \/>\t\t\t\t\t\t\t\t\t\t\t\t\t\t\t<\/a>\n\t\t\t\t\t\t\t\t\t\t\t\t\t\t\t\t\t\t\t\t\t\t\t\t\t\t<\/p>\n\t\t\t\t\t\t\t\t\t\t\t\t\t\t\t\t\t\t\t\t\t\t\t\t\t<div \n\t\t\t\t\t\t\t\t\t\t\t\t\tstyle=\"width:180px;\"\t\t\t\t\t\t\t\t\t\t\t\t\tclass=\"gllr_single_image_text gllr_single_image_text_under\">&nbsp;<\/div>\n\t\t\t\t\t\t\t\t\t\t\t\t\t\t\t\t\t\t\t\t\t\t\t<\/div><!-- .gllr_image_block -->\n\t\t\t\t\t\t\t\t\t\t\t\t\t\t\t\t\t\t\t\t\t<div class=\"clear\"><\/div>\n\t\t\t\t\t\t\t\t\t\t<\/div><!-- .gllr_image_row -->\n\t\t\t\t\t\t\t\t\t\t\t\t\t\t\t\t\t<\/div><!-- .gallery.clearfix -->\n\t\t\t\t\t\t\t\t\t\t\t\t\t\t<\/div><!-- .gallery_box_single -->\n\t\t\t\t\t\t<div class=\"gllr_clear\"><\/div>\n\t\t\t\t\t\t\n<figure id=\"attachment_1099\" aria-describedby=\"caption-attachment-1099\" style=\"width: 482px\" class=\"wp-caption aligncenter\"><a href=\"http:\/\/www.sandravandebergh.nl\/wp-content\/uploads\/2015\/04\/34483220_907717809400329_6154424733413670912_n.jpg\"><img fetchpriority=\"high\" decoding=\"async\" class=\"wp-image-1099\" src=\"http:\/\/www.sandravandebergh.nl\/wp-content\/uploads\/2015\/04\/34483220_907717809400329_6154424733413670912_n.jpg\" alt=\"Live-Bilder\" width=\"482\" height=\"482\" srcset=\"https:\/\/sandravandebergh.nl\/wp-content\/uploads\/2015\/04\/34483220_907717809400329_6154424733413670912_n.jpg 960w, https:\/\/sandravandebergh.nl\/wp-content\/uploads\/2015\/04\/34483220_907717809400329_6154424733413670912_n-150x150.jpg 150w, https:\/\/sandravandebergh.nl\/wp-content\/uploads\/2015\/04\/34483220_907717809400329_6154424733413670912_n-300x300.jpg 300w, https:\/\/sandravandebergh.nl\/wp-content\/uploads\/2015\/04\/34483220_907717809400329_6154424733413670912_n-768x768.jpg 768w, https:\/\/sandravandebergh.nl\/wp-content\/uploads\/2015\/04\/34483220_907717809400329_6154424733413670912_n-600x600.jpg 600w, https:\/\/sandravandebergh.nl\/wp-content\/uploads\/2015\/04\/34483220_907717809400329_6154424733413670912_n-100x100.jpg 100w, https:\/\/sandravandebergh.nl\/wp-content\/uploads\/2015\/04\/34483220_907717809400329_6154424733413670912_n-148x148.jpg 148w, https:\/\/sandravandebergh.nl\/wp-content\/uploads\/2015\/04\/34483220_907717809400329_6154424733413670912_n-31x31.jpg 31w, https:\/\/sandravandebergh.nl\/wp-content\/uploads\/2015\/04\/34483220_907717809400329_6154424733413670912_n-38x38.jpg 38w, https:\/\/sandravandebergh.nl\/wp-content\/uploads\/2015\/04\/34483220_907717809400329_6154424733413670912_n-215x215.jpg 215w\" sizes=\"(max-width: 482px) 100vw, 482px\" \/><\/a><figcaption id=\"caption-attachment-1099\" class=\"wp-caption-text\">Bild: Nicol Ulot.<\/figcaption><\/figure>\n","protected":false},"excerpt":{"rendered":"<p>Hier gibt es einige Live-Bilder von Xandra. Mehr aktuelle Bilder finden Sie auf Xandras offizielle Facebook Seite.<\/p>\n","protected":false},"author":3,"featured_media":0,"parent":0,"menu_order":4,"comment_status":"closed","ping_status":"closed","template":"","meta":[],"yoast_head":"<!-- This site is optimized with the Yoast SEO plugin v21.1 - https:\/\/yoast.com\/wordpress\/plugins\/seo\/ -->\n<title>Live-Bilder - Xandra, S\u00e4ngerin aus den Niederlanden mit der goldene Stimme<\/title>\n<meta name=\"description\" content=\"Live-Bilder sind erh\u00e4ltlich auf der Webseite von Xandra, S\u00e4ngerin aus den Niederlanden mit der goldene Stimme. Immer 100 Prozent Live.\" \/>\n<meta name=\"robots\" content=\"index, follow, max-snippet:-1, max-image-preview:large, max-video-preview:-1\" \/>\n<link rel=\"canonical\" href=\"https:\/\/sandravandebergh.nl\/?page_id=559\" \/>\n<meta property=\"og:locale\" content=\"de_DE\" \/>\n<meta property=\"og:type\" content=\"article\" \/>\n<meta property=\"og:title\" content=\"Live-Bilder - Xandra, S\u00e4ngerin aus den Niederlanden mit der goldene Stimme\" \/>\n<meta property=\"og:description\" content=\"Live-Bilder sind erh\u00e4ltlich auf der Webseite von Xandra, S\u00e4ngerin aus den Niederlanden mit der goldene Stimme. Immer 100 Prozent Live.\" \/>\n<meta property=\"og:url\" content=\"https:\/\/sandravandebergh.nl\/?page_id=559\" \/>\n<meta property=\"og:site_name\" content=\"Xandra\" \/>\n<meta property=\"article:publisher\" content=\"https:\/\/www.facebook.com\/XandraSingerSongwriter\/\" \/>\n<meta property=\"article:modified_time\" content=\"2019-02-27T11:33:04+00:00\" \/>\n<meta property=\"og:image\" content=\"http:\/\/www.sandravandebergh.nl\/wp-content\/uploads\/2015\/04\/34483220_907717809400329_6154424733413670912_n.jpg\" \/>\n<meta name=\"twitter:card\" content=\"summary_large_image\" \/>\n<script type=\"application\/ld+json\" class=\"yoast-schema-graph\">{\"@context\":\"https:\/\/schema.org\",\"@graph\":[{\"@type\":\"WebPage\",\"@id\":\"https:\/\/sandravandebergh.nl\/?page_id=559\",\"url\":\"https:\/\/sandravandebergh.nl\/?page_id=559\",\"name\":\"Live-Bilder - Xandra, S\u00e4ngerin aus den Niederlanden mit der goldene Stimme\",\"isPartOf\":{\"@id\":\"https:\/\/sandravandebergh.nl\/#website\"},\"datePublished\":\"2015-04-19T19:51:35+00:00\",\"dateModified\":\"2019-02-27T11:33:04+00:00\",\"description\":\"Live-Bilder sind erh\u00e4ltlich auf der Webseite von Xandra, S\u00e4ngerin aus den Niederlanden mit der goldene Stimme. Immer 100 Prozent Live.\",\"breadcrumb\":{\"@id\":\"https:\/\/sandravandebergh.nl\/?page_id=559#breadcrumb\"},\"inLanguage\":\"de\",\"potentialAction\":[{\"@type\":\"ReadAction\",\"target\":[\"https:\/\/sandravandebergh.nl\/?page_id=559\"]}]},{\"@type\":\"BreadcrumbList\",\"@id\":\"https:\/\/sandravandebergh.nl\/?page_id=559#breadcrumb\",\"itemListElement\":[{\"@type\":\"ListItem\",\"position\":1,\"name\":\"Home\",\"item\":\"https:\/\/sandravandebergh.nl\/\"},{\"@type\":\"ListItem\",\"position\":2,\"name\":\"Live-Bilder\"}]},{\"@type\":\"WebSite\",\"@id\":\"https:\/\/sandravandebergh.nl\/#website\",\"url\":\"https:\/\/sandravandebergh.nl\/\",\"name\":\"Xandra\",\"description\":\"Die goldene Stimme aus den Niederlanden\",\"potentialAction\":[{\"@type\":\"SearchAction\",\"target\":{\"@type\":\"EntryPoint\",\"urlTemplate\":\"https:\/\/sandravandebergh.nl\/?s={search_term_string}\"},\"query-input\":\"required name=search_term_string\"}],\"inLanguage\":\"de\"}]}<\/script>\n<!-- \/ Yoast SEO plugin. -->","yoast_head_json":{"title":"Live-Bilder - Xandra, S\u00e4ngerin aus den Niederlanden mit der goldene Stimme","description":"Live-Bilder sind erh\u00e4ltlich auf der Webseite von Xandra, S\u00e4ngerin aus den Niederlanden mit der goldene Stimme. Immer 100 Prozent Live.","robots":{"index":"index","follow":"follow","max-snippet":"max-snippet:-1","max-image-preview":"max-image-preview:large","max-video-preview":"max-video-preview:-1"},"canonical":"https:\/\/sandravandebergh.nl\/?page_id=559","og_locale":"de_DE","og_type":"article","og_title":"Live-Bilder - Xandra, S\u00e4ngerin aus den Niederlanden mit der goldene Stimme","og_description":"Live-Bilder sind erh\u00e4ltlich auf der Webseite von Xandra, S\u00e4ngerin aus den Niederlanden mit der goldene Stimme. Immer 100 Prozent Live.","og_url":"https:\/\/sandravandebergh.nl\/?page_id=559","og_site_name":"Xandra","article_publisher":"https:\/\/www.facebook.com\/XandraSingerSongwriter\/","article_modified_time":"2019-02-27T11:33:04+00:00","og_image":[{"url":"http:\/\/www.sandravandebergh.nl\/wp-content\/uploads\/2015\/04\/34483220_907717809400329_6154424733413670912_n.jpg"}],"twitter_card":"summary_large_image","schema":{"@context":"https:\/\/schema.org","@graph":[{"@type":"WebPage","@id":"https:\/\/sandravandebergh.nl\/?page_id=559","url":"https:\/\/sandravandebergh.nl\/?page_id=559","name":"Live-Bilder - Xandra, S\u00e4ngerin aus den Niederlanden mit der goldene Stimme","isPartOf":{"@id":"https:\/\/sandravandebergh.nl\/#website"},"datePublished":"2015-04-19T19:51:35+00:00","dateModified":"2019-02-27T11:33:04+00:00","description":"Live-Bilder sind erh\u00e4ltlich auf der Webseite von Xandra, S\u00e4ngerin aus den Niederlanden mit der goldene Stimme. Immer 100 Prozent Live.","breadcrumb":{"@id":"https:\/\/sandravandebergh.nl\/?page_id=559#breadcrumb"},"inLanguage":"de","potentialAction":[{"@type":"ReadAction","target":["https:\/\/sandravandebergh.nl\/?page_id=559"]}]},{"@type":"BreadcrumbList","@id":"https:\/\/sandravandebergh.nl\/?page_id=559#breadcrumb","itemListElement":[{"@type":"ListItem","position":1,"name":"Home","item":"https:\/\/sandravandebergh.nl\/"},{"@type":"ListItem","position":2,"name":"Live-Bilder"}]},{"@type":"WebSite","@id":"https:\/\/sandravandebergh.nl\/#website","url":"https:\/\/sandravandebergh.nl\/","name":"Xandra","description":"Die goldene Stimme aus den Niederlanden","potentialAction":[{"@type":"SearchAction","target":{"@type":"EntryPoint","urlTemplate":"https:\/\/sandravandebergh.nl\/?s={search_term_string}"},"query-input":"required name=search_term_string"}],"inLanguage":"de"}]}},"_links":{"self":[{"href":"https:\/\/sandravandebergh.nl\/index.php?rest_route=\/wp\/v2\/pages\/559"}],"collection":[{"href":"https:\/\/sandravandebergh.nl\/index.php?rest_route=\/wp\/v2\/pages"}],"about":[{"href":"https:\/\/sandravandebergh.nl\/index.php?rest_route=\/wp\/v2\/types\/page"}],"author":[{"embeddable":true,"href":"https:\/\/sandravandebergh.nl\/index.php?rest_route=\/wp\/v2\/users\/3"}],"replies":[{"embeddable":true,"href":"https:\/\/sandravandebergh.nl\/index.php?rest_route=%2Fwp%2Fv2%2Fcomments&post=559"}],"version-history":[{"count":3,"href":"https:\/\/sandravandebergh.nl\/index.php?rest_route=\/wp\/v2\/pages\/559\/revisions"}],"predecessor-version":[{"id":1363,"href":"https:\/\/sandravandebergh.nl\/index.php?rest_route=\/wp\/v2\/pages\/559\/revisions\/1363"}],"wp:attachment":[{"href":"https:\/\/sandravandebergh.nl\/index.php?rest_route=%2Fwp%2Fv2%2Fmedia&parent=559"}],"curies":[{"name":"wp","href":"https:\/\/api.w.org\/{rel}","templated":true}]}}