{"id":523,"date":"2015-04-13T18:15:48","date_gmt":"2015-04-13T16:15:48","guid":{"rendered":"http:\/\/www.sandravandebergh.nl\/?page_id=523"},"modified":"2023-01-24T21:03:52","modified_gmt":"2023-01-24T19:03:52","slug":"hoerproben","status":"publish","type":"page","link":"https:\/\/sandravandebergh.nl\/?page_id=523","title":{"rendered":"H\u00f6rproben"},"content":{"rendered":"\t\t<div data-elementor-type=\"wp-page\" data-elementor-id=\"523\" class=\"elementor elementor-523\">\n\t\t\t\t\t\t<section class=\"elementor-section elementor-top-section elementor-element elementor-element-7a89b533 elementor-section-boxed elementor-section-height-default elementor-section-height-default\" data-id=\"7a89b533\" data-element_type=\"section\">\n\t\t\t\t\t\t<div class=\"elementor-container elementor-column-gap-default\">\n\t\t\t\t\t<div class=\"elementor-column elementor-col-100 elementor-top-column elementor-element elementor-element-2a5cc632\" data-id=\"2a5cc632\" data-element_type=\"column\">\n\t\t\t<div class=\"elementor-widget-wrap elementor-element-populated\">\n\t\t\t\t\t\t<div class=\"elementor-element elementor-element-16c30aa6 elementor-widget elementor-widget-text-editor\" data-id=\"16c30aa6\" data-element_type=\"widget\" data-widget_type=\"text-editor.default\">\n\t\t\t\t<div class=\"elementor-widget-container\">\n\t\t\t<style>\/*! elementor - v3.23.0 - 05-08-2024 *\/\n.elementor-widget-text-editor.elementor-drop-cap-view-stacked .elementor-drop-cap{background-color:#69727d;color:#fff}.elementor-widget-text-editor.elementor-drop-cap-view-framed .elementor-drop-cap{color:#69727d;border:3px solid;background-color:transparent}.elementor-widget-text-editor:not(.elementor-drop-cap-view-default) .elementor-drop-cap{margin-top:8px}.elementor-widget-text-editor:not(.elementor-drop-cap-view-default) .elementor-drop-cap-letter{width:1em;height:1em}.elementor-widget-text-editor .elementor-drop-cap{float:left;text-align:center;line-height:1;font-size:50px}.elementor-widget-text-editor .elementor-drop-cap-letter{display:inline-block}<\/style>\t\t\t\t<p><!-- wp:paragraph --><\/p>\n<p><span style=\"color: #000000;\">Herzlich Wilkommen auf der H\u00f6rproben Seite!<\/p>\n<p><!-- \/wp:paragraph --><\/p>\n<p><!-- wp:paragraph --><\/p>\n<p><span style=\"color: #000000;\">Hier k\u00f6nnen Sie sich einige vorher ver\u00f6ffentlichten Titel von Xandra anh\u00f6ren. Einfach die &#8222;Play-Taste&#8220; anklicken! Ihr k\u00f6nnt diesen Player wie ein Art Radio benutzen. Wir hoffen, in der Zukunft noch einige Songs hinzu zu f\u00fcgen. Wir w\u00fcnschen ihnen viel Spa\u00df und Vergn\u00fcgen beim Zuh\u00f6ren!<\/span><\/p>\n<p><!-- \/wp:paragraph --><\/p>\n<p><!-- wp:paragraph --><\/p>\n<p><!-- \/wp:paragraph --><\/p>\n<p><!-- wp:image {\"align\":\"center\",\"id\":475,\"linkDestination\":\"custom\"} --><\/p>\n<p><!-- \/wp:image --><\/p>\n<p><!-- wp:paragraph --><\/p>\n<p><span style=\"color: #000000;\">Video&#8217;s von Xandra Live gibt es auch viele, zum Beispiel auf <strong><a href=\"https:\/\/www.facebook.com\/XandraSingerSongwriter\/\">Xandras offizielle Facebook Seite<\/a>.<\/strong><\/span><\/p>\n<p><!-- \/wp:paragraph --><\/p>\t\t\t\t\t\t<\/div>\n\t\t\t\t<\/div>\n\t\t\t\t\t<\/div>\n\t\t<\/div>\n\t\t\t\t\t<\/div>\n\t\t<\/section>\n\t\t\t\t<section class=\"elementor-section elementor-top-section elementor-element elementor-element-05815c8 elementor-section-boxed elementor-section-height-default elementor-section-height-default\" data-id=\"05815c8\" data-element_type=\"section\">\n\t\t\t\t\t\t<div class=\"elementor-container elementor-column-gap-default\">\n\t\t\t\t\t<div class=\"elementor-column elementor-col-100 elementor-top-column elementor-element elementor-element-62adbef\" data-id=\"62adbef\" data-element_type=\"column\">\n\t\t\t<div class=\"elementor-widget-wrap elementor-element-populated\">\n\t\t\t\t\t\t<div class=\"elementor-element elementor-element-2eb8fe8 elementor-widget elementor-widget-wp-widget-sonaar-music\" data-id=\"2eb8fe8\" data-element_type=\"widget\" data-widget_type=\"wp-widget-sonaar-music.default\">\n\t\t\t\t<div class=\"elementor-widget-container\">\n\t\t\t<div class=\"iron-audioplayer  show-playlist playlist_has_no_ctas skin_floated\" id=\"wp-widget-sonaar-music-5986df4780\" data-id=\"wp-widget-sonaar-music\" data-track-sw-cursor=\"\" data-lazyload=\"\" data-albums=\"13523\" data-category=\"\" data-url-playlist=\"https:\/\/sandravandebergh.nl\/?load=playlist.json&#038;title=&#038;albums=13523&#038;category=&#038;posts_not_in=&#038;category_not_in=&#038;author=&#038;feed_title=&#038;feed=&#038;feed_img=&#038;el_widget_id=&#038;artwork=&#038;posts_per_pages=-1&#038;all_category=&#038;single_playlist=&#038;reverse_tracklist=&#038;audio_meta_field=&#038;repeater_meta_field=&#038;import_file=&#038;rss_items=-1&#038;rss_item_title=&#038;is_favorite=&#038;is_recentlyplayed=&#038;srp_order=date_DESC\" data-sticky-player=\"\" data-shuffle=\"false\" data-playlist_title=\"\" data-scrollbar=\"\" data-wave-color=\"\" data-wave-progress-color=\"\" data-spectro=\"\" data-no-wave=\"\" data-hide-progressbar=\"\" data-progress-bar-style=\"\"data-feedurl=\"0\" data-notrackskip=\"\" data-no-loop-tracklist=\"\" data-playertemplate =\"skin_float_tracklist\" data-hide-artwork =\"\" data-speedrate=\"1\"  data-tracks-per-page=\"\" data-pagination_scroll_offset=\"\" data-adaptive-colors=\"\" data-adaptive-colors-freeze=\"\" style=\"opacity:0;\"><div class=\"sonaar-grid\" ><div class=\"sonaar-Artwort-box \">\n                <div class=\"control\">\n                    \n                <\/div>\n                <div class=\"album\">\n                    <div class=\"album-art\">\n                        <img alt=\"album-art\">\n                    <\/div>\n                <\/div>\n                <\/div><div class=\"playlist sr_waveform_mediaElement\"  id=\"playlist_wp-widget-sonaar-music\"><h3 class=\"sr_it-playlist-title\"><\/h3><div class=\"srp_subtitle\"><\/div><div class=\"srp_tracklist\"><ul class=\"srp_list\"><li \n            class=\"sr-playlist-item\" \n            data-audiopath=\"https:\/\/sandravandebergh.nl\/wp-content\/uploads\/2023\/01\/4036-Hallo-Mr-Right-VPB.mp3\"\n            data-showloading=\"1\"\n            data-albumTitle=\"H\u00f6rproben\"\n            data-albumArt=\"https:\/\/sandravandebergh.nl\/wp-content\/uploads\/2014\/08\/Coverfoto-3000x3000-ohne-Text-web-1024x1024.jpg\"\n            data-releasedate=\"\"\n            data-date=\"2023\/01\/24\"\n            data-date-formated=\"24. Januar 2023\"\n            data-show-date=\"\"\n            data-trackTitle=\"Hallo Mr Right&lt;span class=&quot;srp_trackartist&quot;&gt; by Xandra&lt;\/span&gt;\"\n            data-artist=\"Xandra\"\n            data-trackID=\"13526\"\n            data-trackTime=\"3:57\"\n            data-relatedTrack=\"\"\n            data-post-url=\"\"\n            data-post-id=\"13523\"\n            data-track-pos=\"0\"\n            data-peakFile=\"http:\/\/sandravandebergh.nl\/wp-content\/uploads\/audio_peaks\/13526.peak\"\n            data-peakFile-allow=\"1\"\n            data-is-preview=\"\"\n            data-track-lyric=\"\" data-icecast_json=\"\" data-icecast_mount=\"\"><div class=\"sr-playlist-item-flex\"><span class=\"store-list\"><\/span><\/div><div class=\"srp_track_description\"><\/div><\/li><li \n            class=\"sr-playlist-item\" \n            data-audiopath=\"https:\/\/sandravandebergh.nl\/wp-content\/uploads\/2023\/01\/4001-Beim-Spiel-mit-dem-Feuer-Radio-Version-VPB.mp3\"\n            data-showloading=\"1\"\n            data-albumTitle=\"Beim Spiel mit dem Feuer\"\n            data-albumArt=\"https:\/\/sandravandebergh.nl\/wp-content\/uploads\/2014\/08\/Coverfoto-3000x3000-ohne-Text-web-1024x1024.jpg\"\n            data-releasedate=\"\"\n            data-date=\"2023\/01\/24\"\n            data-date-formated=\"24. Januar 2023\"\n            data-show-date=\"\"\n            data-trackTitle=\"Beim Spiel mit dem Feuer (Radio Version)&lt;span class=&quot;srp_trackartist&quot;&gt; by Xandra&lt;\/span&gt;\"\n            data-artist=\"Xandra\"\n            data-trackID=\"13524\"\n            data-trackTime=\"3:42\"\n            data-relatedTrack=\"\"\n            data-post-url=\"\"\n            data-post-id=\"13523\"\n            data-track-pos=\"1\"\n            data-peakFile=\"http:\/\/sandravandebergh.nl\/wp-content\/uploads\/audio_peaks\/13524.peak\"\n            data-peakFile-allow=\"1\"\n            data-is-preview=\"\"\n            data-track-lyric=\"\" data-icecast_json=\"\" data-icecast_mount=\"\"><div class=\"sr-playlist-item-flex\"><span class=\"store-list\"><\/span><\/div><div class=\"srp_track_description\"><\/div><\/li><li \n            class=\"sr-playlist-item\" \n            data-audiopath=\"https:\/\/sandravandebergh.nl\/wp-content\/uploads\/2015\/04\/Einmal-S\u00fc\u00df-und-einmal-Bitter-2014-Discofox-Version.mp3\"\n            data-showloading=\"1\"\n            data-albumTitle=\"H\u00f6rproben\"\n            data-albumArt=\"https:\/\/sandravandebergh.nl\/wp-content\/uploads\/2014\/08\/Coverfoto-3000x3000-ohne-Text-web-1024x1024.jpg\"\n            data-releasedate=\"\"\n            data-date=\"2023\/01\/24\"\n            data-date-formated=\"24. Januar 2023\"\n            data-show-date=\"\"\n            data-trackTitle=\"Einmal S\u00fc\u00df und einmal Bitter (2014 Discofox Version)&lt;span class=&quot;srp_trackartist&quot;&gt; by Xandra&lt;\/span&gt;\"\n            data-artist=\"Xandra\"\n            data-trackID=\"517\"\n            data-trackTime=\"3:46\"\n            data-relatedTrack=\"\"\n            data-post-url=\"\"\n            data-post-id=\"13523\"\n            data-track-pos=\"2\"\n            data-peakFile=\"http:\/\/sandravandebergh.nl\/wp-content\/uploads\/audio_peaks\/517.peak\"\n            data-peakFile-allow=\"1\"\n            data-is-preview=\"\"\n            data-track-lyric=\"\" data-icecast_json=\"\" data-icecast_mount=\"\"><div class=\"sr-playlist-item-flex\"><span class=\"store-list\"><\/span><\/div><div class=\"srp_track_description\"><\/div><\/li><li \n            class=\"sr-playlist-item\" \n            data-audiopath=\"https:\/\/sandravandebergh.nl\/wp-content\/uploads\/2015\/04\/Mission-I-cant-complete.mp3\"\n            data-showloading=\"1\"\n            data-albumTitle=\"H\u00f6rproben\"\n            data-albumArt=\"https:\/\/sandravandebergh.nl\/wp-content\/uploads\/2014\/08\/Coverfoto-3000x3000-ohne-Text-web-1024x1024.jpg\"\n            data-releasedate=\"\"\n            data-date=\"2023\/01\/24\"\n            data-date-formated=\"24. Januar 2023\"\n            data-show-date=\"\"\n            data-trackTitle=\"Mission I can\u2019t complete&lt;span class=&quot;srp_trackartist&quot;&gt; by Xandra&lt;\/span&gt;\"\n            data-artist=\"Xandra\"\n            data-trackID=\"516\"\n            data-trackTime=\"3:59\"\n            data-relatedTrack=\"\"\n            data-post-url=\"\"\n            data-post-id=\"13523\"\n            data-track-pos=\"3\"\n            data-peakFile=\"http:\/\/sandravandebergh.nl\/wp-content\/uploads\/audio_peaks\/516.peak\"\n            data-peakFile-allow=\"1\"\n            data-is-preview=\"\"\n            data-track-lyric=\"\" data-icecast_json=\"\" data-icecast_mount=\"\"><div class=\"sr-playlist-item-flex\"><span class=\"store-list\"><\/span><\/div><div class=\"srp_track_description\"><\/div><\/li><li \n            class=\"sr-playlist-item\" \n            data-audiopath=\"https:\/\/sandravandebergh.nl\/wp-content\/uploads\/2015\/04\/Ein-echter-Womanizer.mp3\"\n            data-showloading=\"1\"\n            data-albumTitle=\"H\u00f6rproben\"\n            data-albumArt=\"https:\/\/sandravandebergh.nl\/wp-content\/uploads\/2014\/08\/Coverfoto-3000x3000-ohne-Text-web-1024x1024.jpg\"\n            data-releasedate=\"\"\n            data-date=\"2023\/01\/24\"\n            data-date-formated=\"24. Januar 2023\"\n            data-show-date=\"\"\n            data-trackTitle=\"Ein echter Womanizer&lt;span class=&quot;srp_trackartist&quot;&gt; by Xandra&lt;\/span&gt;\"\n            data-artist=\"Xandra\"\n            data-trackID=\"518\"\n            data-trackTime=\"3:47\"\n            data-relatedTrack=\"\"\n            data-post-url=\"\"\n            data-post-id=\"13523\"\n            data-track-pos=\"4\"\n            data-peakFile=\"http:\/\/sandravandebergh.nl\/wp-content\/uploads\/audio_peaks\/518.peak\"\n            data-peakFile-allow=\"1\"\n            data-is-preview=\"\"\n            data-track-lyric=\"\" data-icecast_json=\"\" data-icecast_mount=\"\"><div class=\"sr-playlist-item-flex\"><span class=\"store-list\"><\/span><\/div><div class=\"srp_track_description\"><\/div><\/li><li \n            class=\"sr-playlist-item\" \n            data-audiopath=\"https:\/\/sandravandebergh.nl\/wp-content\/uploads\/2015\/04\/Wenn-ich-nur-einen-Wunsch-frei-h\u00e4tte-Radio-Version.mp3\"\n            data-showloading=\"1\"\n            data-albumTitle=\"With Love\"\n            data-albumArt=\"https:\/\/sandravandebergh.nl\/wp-content\/uploads\/2014\/08\/Coverfoto-3000x3000-ohne-Text-web-1024x1024.jpg\"\n            data-releasedate=\"\"\n            data-date=\"2023\/01\/24\"\n            data-date-formated=\"24. Januar 2023\"\n            data-show-date=\"\"\n            data-trackTitle=\"Wenn ich nur einen Wunsch frei h\u00e4tte (Radio Version)&lt;span class=&quot;srp_trackartist&quot;&gt; by Xandra&lt;\/span&gt;\"\n            data-artist=\"Xandra\"\n            data-trackID=\"521\"\n            data-trackTime=\"3:48\"\n            data-relatedTrack=\"\"\n            data-post-url=\"\"\n            data-post-id=\"13523\"\n            data-track-pos=\"5\"\n            data-peakFile=\"http:\/\/sandravandebergh.nl\/wp-content\/uploads\/audio_peaks\/521.peak\"\n            data-peakFile-allow=\"1\"\n            data-is-preview=\"\"\n            data-track-lyric=\"\" data-icecast_json=\"\" data-icecast_mount=\"\"><div class=\"sr-playlist-item-flex\"><span class=\"store-list\"><\/span><\/div><div class=\"srp_track_description\"><\/div><\/li><\/ul><\/div><\/div><\/div><div class=\"album-player sr_waveform_mediaElement\"><div class=\"srp_miniplayer_metas\"><div class=\" srp_meta srp_meta_0 track-title\" data-prefix=\"\" aria-label=\"Track title\"><\/div><\/div> <div class=\"player \" ><div class=\"sr_progressbar\">\n                \n            <div class=\"currentTime\">00:00<\/div>\n         \n                <div id=\"wp-widget-sonaar-music-6fc82c9bd3-wave\" class=\"wave\" >\n                 \n        <div class=\"sonaar_fake_wave\" style=\"height:70px\"> \n            <audio src=\"\" class=\"sonaar_media_element\"><\/audio> \n            <div class=\"sonaar_wave_base\"> \n                <canvas id=\"sonaar_wave_base_canvas\" class=\"\" height=\"70\" width=\"2540\"><\/canvas> \n                <svg><\/svg> \n            <\/div> \n            <div class=\"sonaar_wave_cut\"> \n                <canvas id=\"sonaar_wave_cut_canvas\" class=\"\" height=\"70\" width=\"2540\"><\/canvas> \n                <svg><\/svg> \n            <\/div> \n        <\/div> \n                <\/div>\n                \n            <div class=\"totalTime\"><\/div>\n         \n             <\/div><div class=\"srp_main_control srp_oneColumn\"><div class=\"control\"><div role=\"button\" tabindex=\"0\" class=\"previous sricon-back\" style=\"opacity:0;\" aria-label=\"Previous Track\" title=\"\"><\/div><div role=\"button\" tabindex=\"0\" class=\"play\" style=\"opacity:0;\" aria-label=\"Play\" title=\"\">\n                <i class=\"sricon-play\"><\/i>\n            <\/div><div role=\"button\" tabindex=\"0\" class=\"next sricon-forward\" style=\"opacity:0;\" aria-label=\"Next Track\" title=\"\"><\/div><\/div><div class=\"control\"><\/div><\/div><\/div><\/div><div class=\"album-store\"><\/div><\/div><script id=\"srp_js_params_music\">\n        var srp_player_params_music = {\"title\":\"\",\"store_title_text\":\"\",\"albums\":[\"13523\"],\"hide_artwork\":false,\"sticky_player\":false,\"show_album_market\":false,\"show_track_market\":false,\"hide_timeline\":false,\"show_playlist\":true,\"orderby\":\"date\",\"order\":\"DESC\",\"use_play_label_with_icon\":\"false\",\"main_settings\":\"||\"} \n        var srp_player_params_args_music = {\"widget_id\":\"wp-widget-sonaar-music\",\"before_widget\":\"\",\"after_widget\":\"\",\"before_title\":\"<span class='heading-t3'><\\\/span><h5>\",\"after_title\":\"<\\\/h5>\"}  \n        <\/script><script>if(typeof setIronAudioplayers !== \"undefined\"){ setIronAudioplayers(\"wp-widget-sonaar-music\"); }<\/script>\t\t<\/div>\n\t\t\t\t<\/div>\n\t\t\t\t\t<\/div>\n\t\t<\/div>\n\t\t\t\t\t<\/div>\n\t\t<\/section>\n\t\t\t\t<\/div>\n\t\t","protected":false},"excerpt":{"rendered":"<p>Herzlich Wilkommen auf der H\u00f6rproben Seite! Hier k\u00f6nnen Sie sich einige vorher ver\u00f6ffentlichten Titel von Xandra anh\u00f6ren. Einfach die &#8222;Play-Taste&#8220; anklicken! Ihr k\u00f6nnt diesen Player wie ein Art Radio benutzen. Wir hoffen, in der Zukunft noch einige Songs hinzu zu f\u00fcgen. Wir w\u00fcnschen ihnen viel Spa\u00df und Vergn\u00fcgen beim Zuh\u00f6ren! Video&#8217;s von Xandra Live gibt [&hellip;]<\/p>\n","protected":false},"author":3,"featured_media":0,"parent":0,"menu_order":5,"comment_status":"closed","ping_status":"closed","template":"","meta":[],"yoast_head":"<!-- This site is optimized with the Yoast SEO plugin v21.1 - https:\/\/yoast.com\/wordpress\/plugins\/seo\/ -->\n<title>H\u00f6rproben - Xandra, S\u00e4ngerin aus den Niederlanden mit der goldene Stimme<\/title>\n<meta name=\"description\" content=\"H\u00f6rproben sind verf\u00fcgbar auf der Webseite von Xandra, S\u00e4ngerin mit der goldene Stimme aus den Niederlanden. Immer 100 Prozent Live!\" \/>\n<meta name=\"robots\" content=\"index, follow, max-snippet:-1, max-image-preview:large, max-video-preview:-1\" \/>\n<link rel=\"canonical\" href=\"https:\/\/sandravandebergh.nl\/?page_id=523\" \/>\n<meta property=\"og:locale\" content=\"de_DE\" \/>\n<meta property=\"og:type\" content=\"article\" \/>\n<meta property=\"og:title\" content=\"H\u00f6rproben - Xandra, S\u00e4ngerin aus den Niederlanden mit der goldene Stimme\" \/>\n<meta property=\"og:description\" content=\"H\u00f6rproben sind verf\u00fcgbar auf der Webseite von Xandra, S\u00e4ngerin mit der goldene Stimme aus den Niederlanden. Immer 100 Prozent Live!\" \/>\n<meta property=\"og:url\" content=\"https:\/\/sandravandebergh.nl\/?page_id=523\" \/>\n<meta property=\"og:site_name\" content=\"Xandra\" \/>\n<meta property=\"article:publisher\" content=\"https:\/\/www.facebook.com\/XandraSingerSongwriter\/\" \/>\n<meta property=\"article:modified_time\" content=\"2023-01-24T19:03:52+00:00\" \/>\n<meta name=\"twitter:card\" content=\"summary_large_image\" \/>\n<meta name=\"twitter:label1\" content=\"Gesch\u00e4tzte Lesezeit\" \/>\n\t<meta name=\"twitter:data1\" content=\"2\u00a0Minuten\" \/>\n<script type=\"application\/ld+json\" class=\"yoast-schema-graph\">{\"@context\":\"https:\/\/schema.org\",\"@graph\":[{\"@type\":\"WebPage\",\"@id\":\"https:\/\/sandravandebergh.nl\/?page_id=523\",\"url\":\"https:\/\/sandravandebergh.nl\/?page_id=523\",\"name\":\"H\u00f6rproben - Xandra, S\u00e4ngerin aus den Niederlanden mit der goldene Stimme\",\"isPartOf\":{\"@id\":\"https:\/\/sandravandebergh.nl\/#website\"},\"datePublished\":\"2015-04-13T16:15:48+00:00\",\"dateModified\":\"2023-01-24T19:03:52+00:00\",\"description\":\"H\u00f6rproben sind verf\u00fcgbar auf der Webseite von Xandra, S\u00e4ngerin mit der goldene Stimme aus den Niederlanden. Immer 100 Prozent Live!\",\"breadcrumb\":{\"@id\":\"https:\/\/sandravandebergh.nl\/?page_id=523#breadcrumb\"},\"inLanguage\":\"de\",\"potentialAction\":[{\"@type\":\"ReadAction\",\"target\":[\"https:\/\/sandravandebergh.nl\/?page_id=523\"]}]},{\"@type\":\"BreadcrumbList\",\"@id\":\"https:\/\/sandravandebergh.nl\/?page_id=523#breadcrumb\",\"itemListElement\":[{\"@type\":\"ListItem\",\"position\":1,\"name\":\"Home\",\"item\":\"https:\/\/sandravandebergh.nl\/\"},{\"@type\":\"ListItem\",\"position\":2,\"name\":\"H\u00f6rproben\"}]},{\"@type\":\"WebSite\",\"@id\":\"https:\/\/sandravandebergh.nl\/#website\",\"url\":\"https:\/\/sandravandebergh.nl\/\",\"name\":\"Xandra\",\"description\":\"Die goldene Stimme aus den Niederlanden\",\"potentialAction\":[{\"@type\":\"SearchAction\",\"target\":{\"@type\":\"EntryPoint\",\"urlTemplate\":\"https:\/\/sandravandebergh.nl\/?s={search_term_string}\"},\"query-input\":\"required name=search_term_string\"}],\"inLanguage\":\"de\"}]}<\/script>\n<!-- \/ Yoast SEO plugin. -->","yoast_head_json":{"title":"H\u00f6rproben - Xandra, S\u00e4ngerin aus den Niederlanden mit der goldene Stimme","description":"H\u00f6rproben sind verf\u00fcgbar auf der Webseite von Xandra, S\u00e4ngerin mit der goldene Stimme aus den Niederlanden. Immer 100 Prozent Live!","robots":{"index":"index","follow":"follow","max-snippet":"max-snippet:-1","max-image-preview":"max-image-preview:large","max-video-preview":"max-video-preview:-1"},"canonical":"https:\/\/sandravandebergh.nl\/?page_id=523","og_locale":"de_DE","og_type":"article","og_title":"H\u00f6rproben - Xandra, S\u00e4ngerin aus den Niederlanden mit der goldene Stimme","og_description":"H\u00f6rproben sind verf\u00fcgbar auf der Webseite von Xandra, S\u00e4ngerin mit der goldene Stimme aus den Niederlanden. Immer 100 Prozent Live!","og_url":"https:\/\/sandravandebergh.nl\/?page_id=523","og_site_name":"Xandra","article_publisher":"https:\/\/www.facebook.com\/XandraSingerSongwriter\/","article_modified_time":"2023-01-24T19:03:52+00:00","twitter_card":"summary_large_image","twitter_misc":{"Gesch\u00e4tzte Lesezeit":"2\u00a0Minuten"},"schema":{"@context":"https:\/\/schema.org","@graph":[{"@type":"WebPage","@id":"https:\/\/sandravandebergh.nl\/?page_id=523","url":"https:\/\/sandravandebergh.nl\/?page_id=523","name":"H\u00f6rproben - Xandra, S\u00e4ngerin aus den Niederlanden mit der goldene Stimme","isPartOf":{"@id":"https:\/\/sandravandebergh.nl\/#website"},"datePublished":"2015-04-13T16:15:48+00:00","dateModified":"2023-01-24T19:03:52+00:00","description":"H\u00f6rproben sind verf\u00fcgbar auf der Webseite von Xandra, S\u00e4ngerin mit der goldene Stimme aus den Niederlanden. Immer 100 Prozent Live!","breadcrumb":{"@id":"https:\/\/sandravandebergh.nl\/?page_id=523#breadcrumb"},"inLanguage":"de","potentialAction":[{"@type":"ReadAction","target":["https:\/\/sandravandebergh.nl\/?page_id=523"]}]},{"@type":"BreadcrumbList","@id":"https:\/\/sandravandebergh.nl\/?page_id=523#breadcrumb","itemListElement":[{"@type":"ListItem","position":1,"name":"Home","item":"https:\/\/sandravandebergh.nl\/"},{"@type":"ListItem","position":2,"name":"H\u00f6rproben"}]},{"@type":"WebSite","@id":"https:\/\/sandravandebergh.nl\/#website","url":"https:\/\/sandravandebergh.nl\/","name":"Xandra","description":"Die goldene Stimme aus den Niederlanden","potentialAction":[{"@type":"SearchAction","target":{"@type":"EntryPoint","urlTemplate":"https:\/\/sandravandebergh.nl\/?s={search_term_string}"},"query-input":"required name=search_term_string"}],"inLanguage":"de"}]}},"_links":{"self":[{"href":"https:\/\/sandravandebergh.nl\/index.php?rest_route=\/wp\/v2\/pages\/523"}],"collection":[{"href":"https:\/\/sandravandebergh.nl\/index.php?rest_route=\/wp\/v2\/pages"}],"about":[{"href":"https:\/\/sandravandebergh.nl\/index.php?rest_route=\/wp\/v2\/types\/page"}],"author":[{"embeddable":true,"href":"https:\/\/sandravandebergh.nl\/index.php?rest_route=\/wp\/v2\/users\/3"}],"replies":[{"embeddable":true,"href":"https:\/\/sandravandebergh.nl\/index.php?rest_route=%2Fwp%2Fv2%2Fcomments&post=523"}],"version-history":[{"count":31,"href":"https:\/\/sandravandebergh.nl\/index.php?rest_route=\/wp\/v2\/pages\/523\/revisions"}],"predecessor-version":[{"id":13538,"href":"https:\/\/sandravandebergh.nl\/index.php?rest_route=\/wp\/v2\/pages\/523\/revisions\/13538"}],"wp:attachment":[{"href":"https:\/\/sandravandebergh.nl\/index.php?rest_route=%2Fwp%2Fv2%2Fmedia&parent=523"}],"curies":[{"name":"wp","href":"https:\/\/api.w.org\/{rel}","templated":true}]}}