{"id":23,"date":"2014-08-29T16:40:54","date_gmt":"2014-08-29T14:40:54","guid":{"rendered":"http:\/\/www.sandravandebergh.nl\/?page_id=23"},"modified":"2019-10-02T21:23:59","modified_gmt":"2019-10-02T19:23:59","slug":"musik","status":"publish","type":"page","link":"https:\/\/sandravandebergh.nl\/?page_id=23","title":{"rendered":"Musik"},"content":{"rendered":"\n<p class=\"has-text-color has-very-dark-gray-color\">\n\nXandra ver\u00f6ffentlicht schon seit 2012 ihre eigene Musik. Sie ist sehr stolz darauf, ihre selbst komponierte Musik am Publikum vor zu stellen. Auf verschiedene CDs war Xandra schon mit dabei.\n\n<\/p>\n\n\n\n<h2><em>2012<\/em><\/h2>\n\n\n\n<p class=\"has-text-color has-very-dark-gray-color\"><strong>CD-Single &#8222;Einmal S\u00fc\u00df und einmal Bitter&#8220; (ausverkauft, aber in eine neue Version als Download und auf CD wieder zur Verf\u00fcgung, siehe &#8222;Beim Spiel mit dem Feuer&#8220;)<\/strong><\/p>\n\n\n\n<p class=\"has-text-color has-very-dark-gray-color\"><em>Trackliste:<\/em><\/p>\n\n\n\n<ol><li><em>Einmal S\u00fc\u00df und einmal Bitter (M.: S. Vandebergh \/ T.: E. Hagler)<\/em><\/li><li><em>Eine Mammutaufgabe&nbsp;(M.: S. Vandebergh \/ T.: E. Hagler)<\/em><\/li><\/ol>\n\n\n\n<div class=\"wp-block-image\"><figure class=\"aligncenter\"><img fetchpriority=\"high\" decoding=\"async\" width=\"295\" height=\"300\" src=\"https:\/\/sandravandebergh.nl\/wp-content\/uploads\/2014\/08\/CD-Cover-Einmal-S\u00fc\u00df-und-einmal-Bitter-internet-295x300.jpg\" alt=\"Einmal S\u00fc\u00df und einmal Bitter\" class=\"wp-image-15\" srcset=\"https:\/\/sandravandebergh.nl\/wp-content\/uploads\/2014\/08\/CD-Cover-Einmal-S\u00fc\u00df-und-einmal-Bitter-internet-295x300.jpg 295w, https:\/\/sandravandebergh.nl\/wp-content\/uploads\/2014\/08\/CD-Cover-Einmal-S\u00fc\u00df-und-einmal-Bitter-internet-600x610.jpg 600w, https:\/\/sandravandebergh.nl\/wp-content\/uploads\/2014\/08\/CD-Cover-Einmal-S\u00fc\u00df-und-einmal-Bitter-internet-1008x1024.jpg 1008w, https:\/\/sandravandebergh.nl\/wp-content\/uploads\/2014\/08\/CD-Cover-Einmal-S\u00fc\u00df-und-einmal-Bitter-internet-768x781.jpg 768w, https:\/\/sandravandebergh.nl\/wp-content\/uploads\/2014\/08\/CD-Cover-Einmal-S\u00fc\u00df-und-einmal-Bitter-internet-146x148.jpg 146w, https:\/\/sandravandebergh.nl\/wp-content\/uploads\/2014\/08\/CD-Cover-Einmal-S\u00fc\u00df-und-einmal-Bitter-internet-31x31.jpg 31w, https:\/\/sandravandebergh.nl\/wp-content\/uploads\/2014\/08\/CD-Cover-Einmal-S\u00fc\u00df-und-einmal-Bitter-internet-38x38.jpg 38w, https:\/\/sandravandebergh.nl\/wp-content\/uploads\/2014\/08\/CD-Cover-Einmal-S\u00fc\u00df-und-einmal-Bitter-internet-212x215.jpg 212w, https:\/\/sandravandebergh.nl\/wp-content\/uploads\/2014\/08\/CD-Cover-Einmal-S\u00fc\u00df-und-einmal-Bitter-internet.jpg 1468w\" sizes=\"(max-width: 295px) 100vw, 295px\" \/><figcaption> Bild &amp; Cover: Jacques Opgenoorth <\/figcaption><\/figure><\/div>\n\n\n\n<p class=\"has-text-color has-very-dark-gray-color\"><strong>Mission I can&#8217;t complete (englische Version von &#8222;Eine Mammutaufgabe) als MP3-Download und auf CD wieder zur Verf\u00fcgung, (M. &amp; T.: S. Vandebergh)<\/strong>, <strong>siehe &#8222;Beim Spiel mit dem Feuer&#8220;.<\/strong><\/p>\n\n\n\n<div class=\"wp-block-image\"><figure class=\"aligncenter\"><img decoding=\"async\" width=\"293\" height=\"300\" src=\"https:\/\/sandravandebergh.nl\/wp-content\/uploads\/2014\/08\/Mission-I-cant-complete-293x300.jpg\" alt=\"\" class=\"wp-image-24\" srcset=\"https:\/\/sandravandebergh.nl\/wp-content\/uploads\/2014\/08\/Mission-I-cant-complete-293x300.jpg 293w, https:\/\/sandravandebergh.nl\/wp-content\/uploads\/2014\/08\/Mission-I-cant-complete-600x614.jpg 600w, https:\/\/sandravandebergh.nl\/wp-content\/uploads\/2014\/08\/Mission-I-cant-complete-1001x1024.jpg 1001w, https:\/\/sandravandebergh.nl\/wp-content\/uploads\/2014\/08\/Mission-I-cant-complete-768x786.jpg 768w, https:\/\/sandravandebergh.nl\/wp-content\/uploads\/2014\/08\/Mission-I-cant-complete-145x148.jpg 145w, https:\/\/sandravandebergh.nl\/wp-content\/uploads\/2014\/08\/Mission-I-cant-complete-31x31.jpg 31w, https:\/\/sandravandebergh.nl\/wp-content\/uploads\/2014\/08\/Mission-I-cant-complete-38x38.jpg 38w, https:\/\/sandravandebergh.nl\/wp-content\/uploads\/2014\/08\/Mission-I-cant-complete-210x215.jpg 210w, https:\/\/sandravandebergh.nl\/wp-content\/uploads\/2014\/08\/Mission-I-cant-complete.jpg 1535w\" sizes=\"(max-width: 293px) 100vw, 293px\" \/><figcaption>Bild &amp; Cover: Jacques Opgenoorth<\/figcaption><\/figure><\/div>\n\n\n\n<h2><em>2013<\/em><\/h2>\n\n\n\n<p class=\"has-text-color has-very-dark-gray-color\"><strong>Mini-Album &#8222;Ein echter Womanizer&#8220;<\/strong><\/p>\n\n\n\n<p class=\"has-text-color has-very-dark-gray-color\"><em>Trackliste:<\/em><\/p>\n\n\n\n<ol><li><em>Ein echter Womanizer&nbsp;(M.: S. Vandebergh \/ T.: E. Hagler)<\/em><\/li><li><em>Irgendwann ja doch vielleicht&nbsp;(M.: S. Vandebergh \/ T.: E. Hagler)<\/em><\/li><li><em>Die ganz gro\u00dfen Gef\u00fchle&nbsp;(M.: S. Vandebergh \/ T.: E. Hagler)<\/em><\/li><li><em>So sch\u00f6n ist die Liebe&nbsp;(M.: S. Vandebergh \/ T.: W. Ohler)<\/em><\/li><\/ol>\n\n\n\n<div class=\"wp-block-image\"><figure class=\"aligncenter\"><img decoding=\"async\" width=\"300\" height=\"300\" src=\"https:\/\/sandravandebergh.nl\/wp-content\/uploads\/2014\/08\/CD-Hoes-Ein-echter-Womanizer-300x300.jpg\" alt=\"\" class=\"wp-image-16\" srcset=\"https:\/\/sandravandebergh.nl\/wp-content\/uploads\/2014\/08\/CD-Hoes-Ein-echter-Womanizer-300x300.jpg 300w, https:\/\/sandravandebergh.nl\/wp-content\/uploads\/2014\/08\/CD-Hoes-Ein-echter-Womanizer-100x100.jpg 100w, https:\/\/sandravandebergh.nl\/wp-content\/uploads\/2014\/08\/CD-Hoes-Ein-echter-Womanizer-600x600.jpg 600w, https:\/\/sandravandebergh.nl\/wp-content\/uploads\/2014\/08\/CD-Hoes-Ein-echter-Womanizer-150x150.jpg 150w, https:\/\/sandravandebergh.nl\/wp-content\/uploads\/2014\/08\/CD-Hoes-Ein-echter-Womanizer-768x768.jpg 768w, https:\/\/sandravandebergh.nl\/wp-content\/uploads\/2014\/08\/CD-Hoes-Ein-echter-Womanizer-148x148.jpg 148w, https:\/\/sandravandebergh.nl\/wp-content\/uploads\/2014\/08\/CD-Hoes-Ein-echter-Womanizer-31x31.jpg 31w, https:\/\/sandravandebergh.nl\/wp-content\/uploads\/2014\/08\/CD-Hoes-Ein-echter-Womanizer-38x38.jpg 38w, https:\/\/sandravandebergh.nl\/wp-content\/uploads\/2014\/08\/CD-Hoes-Ein-echter-Womanizer-215x215.jpg 215w, https:\/\/sandravandebergh.nl\/wp-content\/uploads\/2014\/08\/CD-Hoes-Ein-echter-Womanizer.jpg 800w\" sizes=\"(max-width: 300px) 100vw, 300px\" \/><figcaption> Bild: Gustav Pohland <br>Cover Entwurf: Paula Hunslip <\/figcaption><\/figure><\/div>\n\n\n\n<p class=\"has-text-color has-very-dark-gray-color\"><strong>Weihnachtssingle &#8222;Umso k\u00e4lter dass es drau\u00dfen wird&#8220;, nur als Download erh\u00e4ltlich&nbsp;(M.: S. Vandebergh \/ T.: E. Hagler)<\/strong><\/p>\n\n\n\n<div class=\"wp-block-image\"><figure class=\"aligncenter\"><img loading=\"lazy\" decoding=\"async\" width=\"300\" height=\"300\" src=\"https:\/\/sandravandebergh.nl\/wp-content\/uploads\/2014\/08\/Umso-k\u00e4lter-dass-es-drau\u00dfen-wird-300x300.jpg\" alt=\"\" class=\"wp-image-67\" srcset=\"https:\/\/sandravandebergh.nl\/wp-content\/uploads\/2014\/08\/Umso-k\u00e4lter-dass-es-drau\u00dfen-wird-300x300.jpg 300w, https:\/\/sandravandebergh.nl\/wp-content\/uploads\/2014\/08\/Umso-k\u00e4lter-dass-es-drau\u00dfen-wird-100x100.jpg 100w, https:\/\/sandravandebergh.nl\/wp-content\/uploads\/2014\/08\/Umso-k\u00e4lter-dass-es-drau\u00dfen-wird-150x150.jpg 150w, https:\/\/sandravandebergh.nl\/wp-content\/uploads\/2014\/08\/Umso-k\u00e4lter-dass-es-drau\u00dfen-wird-148x148.jpg 148w, https:\/\/sandravandebergh.nl\/wp-content\/uploads\/2014\/08\/Umso-k\u00e4lter-dass-es-drau\u00dfen-wird-31x31.jpg 31w, https:\/\/sandravandebergh.nl\/wp-content\/uploads\/2014\/08\/Umso-k\u00e4lter-dass-es-drau\u00dfen-wird-38x38.jpg 38w, https:\/\/sandravandebergh.nl\/wp-content\/uploads\/2014\/08\/Umso-k\u00e4lter-dass-es-drau\u00dfen-wird-214x215.jpg 214w, https:\/\/sandravandebergh.nl\/wp-content\/uploads\/2014\/08\/Umso-k\u00e4lter-dass-es-drau\u00dfen-wird.jpg 421w\" sizes=\"(max-width: 300px) 100vw, 300px\" \/><figcaption> Bild: Jacques Opgenoorth<br>Cover Entwurf: Sandra Vandebergh <\/figcaption><\/figure><\/div>\n\n\n\n<h2><em>2014<\/em><\/h2>\n\n\n\n<p class=\"has-text-color has-very-dark-gray-color\"><strong>Erschienen auf &#8222;Liebeslieder&#8220;, VOET-Produktion 2013 mit den Siegertiteln VOET-Ausschreibung 2013, mit dabei &#8222;Wenn ich nur einen Wunsch frei h\u00e4tte&#8220; (M.: S. Vandebergh \/ T.: E. Hagler)<\/strong><\/p>\n\n\n\n<div class=\"wp-block-image\"><figure class=\"aligncenter\"><img decoding=\"async\" src=\"https:\/\/www.sandravandebergh.nl\/wp-content\/uploads\/2014\/08\/10154102_704482576260582_7788454776808856375_n-e1532445488751.jpg\" alt=\"\"\/><figcaption>Cover: VOET<\/figcaption><\/figure><\/div>\n\n\n\n<h2><em>2016<\/em><\/h2>\n\n\n\n<p class=\"has-text-color has-very-dark-gray-color\"><strong>Mini-Album &#8222;With Love&#8220;<\/strong><\/p>\n\n\n\n<p class=\"has-text-color has-very-dark-gray-color\"><em>Trackliste<\/em><\/p>\n\n\n\n<ol><li><em>Love me or leave me (M. &amp; T.: S. Vandebergh)<\/em><\/li><li><em>Stay with me (M. &amp; T.: S. Vandebergh)<\/em><\/li><li><em>Love is patient, love is kind (M. &amp; T.: S. Vandebergh)<\/em><\/li><li><em>Love you like crazy (M. &amp; T.: S. Vandebergh)<\/em><\/li><li><em>Ich hab&#8216; den Himmel geseh&#8217;n (M.: S. Vandebergh \/ T.: W. Ohler)<\/em><\/li><li><em>So sch\u00f6n wie damals&nbsp;(M: S. Vandebergh \/ T.: W. Ohler)<\/em><\/li><li><em>Uns geh\u00f6rt nur der Moment&nbsp;(M.: S. Vandebergh \/ T.: E. Hagler)<\/em><\/li><li><em>Wenn ich nur einen Wunsch frei h\u00e4tte&nbsp;(M.: S. Vandebergh \/ T.: E. Hagler)<\/em><\/li><\/ol>\n\n\n\n<div class=\"wp-block-image\"><figure class=\"aligncenter\"><img loading=\"lazy\" decoding=\"async\" width=\"300\" height=\"300\" src=\"https:\/\/sandravandebergh.nl\/wp-content\/uploads\/2015\/04\/CD-Xandra-With-Love-Internet-300x300.jpg\" alt=\"With Love\" class=\"wp-image-941\" srcset=\"https:\/\/sandravandebergh.nl\/wp-content\/uploads\/2015\/04\/CD-Xandra-With-Love-Internet-300x300.jpg 300w, https:\/\/sandravandebergh.nl\/wp-content\/uploads\/2015\/04\/CD-Xandra-With-Love-Internet-100x100.jpg 100w, https:\/\/sandravandebergh.nl\/wp-content\/uploads\/2015\/04\/CD-Xandra-With-Love-Internet-150x150.jpg 150w, https:\/\/sandravandebergh.nl\/wp-content\/uploads\/2015\/04\/CD-Xandra-With-Love-Internet-148x148.jpg 148w, https:\/\/sandravandebergh.nl\/wp-content\/uploads\/2015\/04\/CD-Xandra-With-Love-Internet-31x31.jpg 31w, https:\/\/sandravandebergh.nl\/wp-content\/uploads\/2015\/04\/CD-Xandra-With-Love-Internet-38x38.jpg 38w, https:\/\/sandravandebergh.nl\/wp-content\/uploads\/2015\/04\/CD-Xandra-With-Love-Internet-215x215.jpg 215w, https:\/\/sandravandebergh.nl\/wp-content\/uploads\/2015\/04\/CD-Xandra-With-Love-Internet.jpg 366w\" sizes=\"(max-width: 300px) 100vw, 300px\" \/><figcaption>Bild: Henk Bril<\/figcaption><\/figure><\/div>\n\n\n\n<h2><em>2017<\/em><\/h2>\n\n\n\n<p class=\"has-text-color has-very-dark-gray-color\"><strong>Mini-Album &#8222;Beim Spiel mit dem Feuer&#8220;<\/strong><\/p>\n\n\n\n<p class=\"has-text-color has-very-dark-gray-color\"><em>Trackliste:<\/em><\/p>\n\n\n\n<ol><li><em>Beim Spiel mit dem Feuer (M.: S. Vandebergh \/ T.: W. Ohler)<\/em><\/li><li><em>Einmal S\u00fc\u00df und einmal Bitter (M.: S. Vandebergh \/  T.: E. Hagler)<\/em><\/li><li><em>Eine Mammutaufgabe (M.: S. Vandebergh \/ T.: E. Hagler)<\/em><\/li><li><em>Mission I can&#8217;t complete (M.: S. Vandebergh \/ T.: S. Vandebergh &amp; E. Hagler)<\/em><\/li><\/ol>\n\n\n\n<div class=\"wp-block-image\"><figure class=\"aligncenter\"><img loading=\"lazy\" decoding=\"async\" width=\"300\" height=\"300\" src=\"https:\/\/sandravandebergh.nl\/wp-content\/uploads\/2017\/09\/jddkkldobflaoiop-300x300.png\" alt=\"Beim Spiel mit dem Feuer\" class=\"wp-image-961\" srcset=\"https:\/\/sandravandebergh.nl\/wp-content\/uploads\/2017\/09\/jddkkldobflaoiop-300x300.png 300w, https:\/\/sandravandebergh.nl\/wp-content\/uploads\/2017\/09\/jddkkldobflaoiop-100x100.png 100w, https:\/\/sandravandebergh.nl\/wp-content\/uploads\/2017\/09\/jddkkldobflaoiop-416x416.png 416w, https:\/\/sandravandebergh.nl\/wp-content\/uploads\/2017\/09\/jddkkldobflaoiop-150x150.png 150w, https:\/\/sandravandebergh.nl\/wp-content\/uploads\/2017\/09\/jddkkldobflaoiop-148x148.png 148w, https:\/\/sandravandebergh.nl\/wp-content\/uploads\/2017\/09\/jddkkldobflaoiop-31x31.png 31w, https:\/\/sandravandebergh.nl\/wp-content\/uploads\/2017\/09\/jddkkldobflaoiop-38x38.png 38w, https:\/\/sandravandebergh.nl\/wp-content\/uploads\/2017\/09\/jddkkldobflaoiop-215x215.png 215w, https:\/\/sandravandebergh.nl\/wp-content\/uploads\/2017\/09\/jddkkldobflaoiop.png 500w\" sizes=\"(max-width: 300px) 100vw, 300px\" \/><figcaption> Bild: Ivonne Edelbauer-Ebersbach &amp; fotolia \u00a9 frenta <\/figcaption><\/figure><\/div>\n\n\n\n<h2><em>2018<\/em><\/h2>\n\n\n\n<p class=\"has-text-color has-very-dark-gray-color\"><strong>Promo Sampler &#8222;Top of the Party&#8220; Karneval 2018 &#8211; Orange Edition (von SA Promotion) &#8222;Beim Spiel mit dem Feuer&#8220;<\/strong><\/p>\n\n\n\n<div class=\"wp-block-image\"><figure class=\"aligncenter\"><img loading=\"lazy\" decoding=\"async\" width=\"300\" height=\"300\" src=\"https:\/\/sandravandebergh.nl\/wp-content\/uploads\/2014\/08\/Top_of_the_Party_-_Karneval_2018_-_Orange_Edition_Frontside_800x800-300x300.jpg\" alt=\"Musik\" class=\"wp-image-1091\" srcset=\"https:\/\/sandravandebergh.nl\/wp-content\/uploads\/2014\/08\/Top_of_the_Party_-_Karneval_2018_-_Orange_Edition_Frontside_800x800-300x300.jpg 300w, https:\/\/sandravandebergh.nl\/wp-content\/uploads\/2014\/08\/Top_of_the_Party_-_Karneval_2018_-_Orange_Edition_Frontside_800x800-150x150.jpg 150w, https:\/\/sandravandebergh.nl\/wp-content\/uploads\/2014\/08\/Top_of_the_Party_-_Karneval_2018_-_Orange_Edition_Frontside_800x800-768x768.jpg 768w, https:\/\/sandravandebergh.nl\/wp-content\/uploads\/2014\/08\/Top_of_the_Party_-_Karneval_2018_-_Orange_Edition_Frontside_800x800-600x600.jpg 600w, https:\/\/sandravandebergh.nl\/wp-content\/uploads\/2014\/08\/Top_of_the_Party_-_Karneval_2018_-_Orange_Edition_Frontside_800x800-100x100.jpg 100w, https:\/\/sandravandebergh.nl\/wp-content\/uploads\/2014\/08\/Top_of_the_Party_-_Karneval_2018_-_Orange_Edition_Frontside_800x800-148x148.jpg 148w, https:\/\/sandravandebergh.nl\/wp-content\/uploads\/2014\/08\/Top_of_the_Party_-_Karneval_2018_-_Orange_Edition_Frontside_800x800-31x31.jpg 31w, https:\/\/sandravandebergh.nl\/wp-content\/uploads\/2014\/08\/Top_of_the_Party_-_Karneval_2018_-_Orange_Edition_Frontside_800x800-38x38.jpg 38w, https:\/\/sandravandebergh.nl\/wp-content\/uploads\/2014\/08\/Top_of_the_Party_-_Karneval_2018_-_Orange_Edition_Frontside_800x800-215x215.jpg 215w, https:\/\/sandravandebergh.nl\/wp-content\/uploads\/2014\/08\/Top_of_the_Party_-_Karneval_2018_-_Orange_Edition_Frontside_800x800.jpg 800w\" sizes=\"(max-width: 300px) 100vw, 300px\" \/><figcaption>Cover: SA-Promotion<\/figcaption><\/figure><\/div>\n\n\n\n<p class=\"has-text-color has-very-dark-gray-color\"><strong>Promo Sampler &#8222;Top of the Party&#8220; Mallorca Opening 2018 &#8211; Can Picafort Edition (von SA-Promotion) &#8222;Beim Spiel mit dem Feuer&#8220;<\/strong><\/p>\n\n\n\n<div class=\"wp-block-image\"><figure class=\"aligncenter\"><img loading=\"lazy\" decoding=\"async\" width=\"295\" height=\"300\" src=\"https:\/\/sandravandebergh.nl\/wp-content\/uploads\/2014\/08\/Top-of-the-Party-Mallorca-Opening-2018-e1532119046777-295x300.jpg\" alt=\"\" class=\"wp-image-1093\" srcset=\"https:\/\/sandravandebergh.nl\/wp-content\/uploads\/2014\/08\/Top-of-the-Party-Mallorca-Opening-2018-e1532119046777-295x300.jpg 295w, https:\/\/sandravandebergh.nl\/wp-content\/uploads\/2014\/08\/Top-of-the-Party-Mallorca-Opening-2018-e1532119046777-768x782.jpg 768w, https:\/\/sandravandebergh.nl\/wp-content\/uploads\/2014\/08\/Top-of-the-Party-Mallorca-Opening-2018-e1532119046777-1006x1024.jpg 1006w, https:\/\/sandravandebergh.nl\/wp-content\/uploads\/2014\/08\/Top-of-the-Party-Mallorca-Opening-2018-e1532119046777-600x611.jpg 600w, https:\/\/sandravandebergh.nl\/wp-content\/uploads\/2014\/08\/Top-of-the-Party-Mallorca-Opening-2018-e1532119046777-145x148.jpg 145w, https:\/\/sandravandebergh.nl\/wp-content\/uploads\/2014\/08\/Top-of-the-Party-Mallorca-Opening-2018-e1532119046777-31x31.jpg 31w, https:\/\/sandravandebergh.nl\/wp-content\/uploads\/2014\/08\/Top-of-the-Party-Mallorca-Opening-2018-e1532119046777-38x38.jpg 38w, https:\/\/sandravandebergh.nl\/wp-content\/uploads\/2014\/08\/Top-of-the-Party-Mallorca-Opening-2018-e1532119046777-211x215.jpg 211w, https:\/\/sandravandebergh.nl\/wp-content\/uploads\/2014\/08\/Top-of-the-Party-Mallorca-Opening-2018-e1532119046777.jpg 1464w\" sizes=\"(max-width: 295px) 100vw, 295px\" \/><figcaption>Cover: SA-Promotion<\/figcaption><\/figure><\/div>\n\n\n\n<p class=\"has-text-color has-very-dark-gray-color\"><strong>Sampler 100% Foxalarm Volume 3 (von FoxTon Music) &#8222;Beim Spiel mit dem Feuer&#8220;<\/strong><\/p>\n\n\n\n<div class=\"wp-block-image\"><figure class=\"aligncenter\"><img loading=\"lazy\" decoding=\"async\" width=\"300\" height=\"300\" src=\"https:\/\/sandravandebergh.nl\/wp-content\/uploads\/2014\/08\/100-prozent-Foxalarm-3-300x300.jpg\" alt=\"\" class=\"wp-image-1094\" srcset=\"https:\/\/sandravandebergh.nl\/wp-content\/uploads\/2014\/08\/100-prozent-Foxalarm-3-300x300.jpg 300w, https:\/\/sandravandebergh.nl\/wp-content\/uploads\/2014\/08\/100-prozent-Foxalarm-3-150x150.jpg 150w, https:\/\/sandravandebergh.nl\/wp-content\/uploads\/2014\/08\/100-prozent-Foxalarm-3-600x602.jpg 600w, https:\/\/sandravandebergh.nl\/wp-content\/uploads\/2014\/08\/100-prozent-Foxalarm-3-100x100.jpg 100w, https:\/\/sandravandebergh.nl\/wp-content\/uploads\/2014\/08\/100-prozent-Foxalarm-3-148x148.jpg 148w, https:\/\/sandravandebergh.nl\/wp-content\/uploads\/2014\/08\/100-prozent-Foxalarm-3-31x31.jpg 31w, https:\/\/sandravandebergh.nl\/wp-content\/uploads\/2014\/08\/100-prozent-Foxalarm-3-38x38.jpg 38w, https:\/\/sandravandebergh.nl\/wp-content\/uploads\/2014\/08\/100-prozent-Foxalarm-3-214x215.jpg 214w, https:\/\/sandravandebergh.nl\/wp-content\/uploads\/2014\/08\/100-prozent-Foxalarm-3.jpg 640w\" sizes=\"(max-width: 300px) 100vw, 300px\" \/><figcaption>Cover: FoxTon Music<\/figcaption><\/figure><\/div>\n\n\n\n<h2><em>2019<\/em><\/h2>\n\n\n\n<p class=\"has-text-color has-very-dark-gray-color\"><strong>MP3 Download Single &#8222;Hallo Mr. Right&#8220;<\/strong>  <strong>nur als Download erh\u00e4ltlich&nbsp;(M. &amp; T.: S. Vandebergh)<\/strong> <\/p>\n\n\n\n<div class=\"wp-block-image\"><figure class=\"aligncenter\"><img loading=\"lazy\" decoding=\"async\" width=\"300\" height=\"300\" src=\"https:\/\/sandravandebergh.nl\/wp-content\/uploads\/2019\/10\/Cover-web-300x300.jpg\" alt=\"\" class=\"wp-image-1913\" srcset=\"https:\/\/sandravandebergh.nl\/wp-content\/uploads\/2019\/10\/Cover-web-300x300.jpg 300w, https:\/\/sandravandebergh.nl\/wp-content\/uploads\/2019\/10\/Cover-web-150x150.jpg 150w, https:\/\/sandravandebergh.nl\/wp-content\/uploads\/2019\/10\/Cover-web-768x768.jpg 768w, https:\/\/sandravandebergh.nl\/wp-content\/uploads\/2019\/10\/Cover-web-1024x1024.jpg 1024w, https:\/\/sandravandebergh.nl\/wp-content\/uploads\/2019\/10\/Cover-web-600x600.jpg 600w, https:\/\/sandravandebergh.nl\/wp-content\/uploads\/2019\/10\/Cover-web-100x100.jpg 100w\" sizes=\"(max-width: 300px) 100vw, 300px\" \/><figcaption>Bild: Gustav Pohland<\/figcaption><\/figure><\/div>\n\n\n\n<p class=\"has-text-color has-very-dark-gray-color\"><strong>Sampler Schlagerdisco &#8211; Die Hits aus den Discotheken 2019 (Xxl Edition &#8211; 100 Tanz Schlager) (von Fiesta Records) &#8222;Hallo Mr. Right&#8220;<\/strong><\/p>\n\n\n\n<div class=\"wp-block-image\"><figure class=\"aligncenter is-resized\"><img loading=\"lazy\" decoding=\"async\" src=\"https:\/\/m.media-amazon.com\/images\/I\/91koGtXfCvL._SS500_.jpg\" alt=\"\" width=\"300\" height=\"300\"\/><figcaption>Cover: Fiesta Records<\/figcaption><\/figure><\/div>\n","protected":false},"excerpt":{"rendered":"<p>Xandra ver\u00f6ffentlicht schon seit 2012 ihre eigene Musik. Sie ist sehr stolz darauf, ihre selbst komponierte Musik am Publikum vor zu stellen. Auf verschiedene CDs war Xandra schon mit dabei. 2012 CD-Single &#8222;Einmal S\u00fc\u00df und einmal Bitter&#8220; (ausverkauft, aber in eine neue Version als Download und auf CD wieder zur Verf\u00fcgung, siehe &#8222;Beim Spiel mit [&hellip;]<\/p>\n","protected":false},"author":3,"featured_media":0,"parent":0,"menu_order":3,"comment_status":"closed","ping_status":"closed","template":"","meta":[],"yoast_head":"<!-- This site is optimized with the Yoast SEO plugin v21.1 - https:\/\/yoast.com\/wordpress\/plugins\/seo\/ -->\n<title>Musik CD und Sampler - Xandra S\u00e4ngerin aus den Niederlanden<\/title>\n<meta name=\"description\" content=\"Musik, \u00dcbersicht von alle CDs und Sampler findet ihr auf der Webseite von Xandra, S\u00e4ngerin aus den Niederlanden. Goldene Stimme. 100 Prozent Live.\" \/>\n<meta name=\"robots\" content=\"index, follow, max-snippet:-1, max-image-preview:large, max-video-preview:-1\" \/>\n<link rel=\"canonical\" href=\"https:\/\/sandravandebergh.nl\/?page_id=23\" \/>\n<meta property=\"og:locale\" content=\"de_DE\" \/>\n<meta property=\"og:type\" content=\"article\" \/>\n<meta property=\"og:title\" content=\"Musik CD und Sampler - Xandra S\u00e4ngerin aus den Niederlanden\" \/>\n<meta property=\"og:description\" content=\"Musik, \u00dcbersicht von alle CDs und Sampler findet ihr auf der Webseite von Xandra, S\u00e4ngerin aus den Niederlanden. Goldene Stimme. 100 Prozent Live.\" \/>\n<meta property=\"og:url\" content=\"https:\/\/sandravandebergh.nl\/?page_id=23\" \/>\n<meta property=\"og:site_name\" content=\"Xandra\" \/>\n<meta property=\"article:publisher\" content=\"https:\/\/www.facebook.com\/XandraSingerSongwriter\/\" \/>\n<meta property=\"article:modified_time\" content=\"2019-10-02T19:23:59+00:00\" \/>\n<meta property=\"og:image\" content=\"https:\/\/sandravandebergh.nl\/wp-content\/uploads\/2014\/08\/Mission-I-cant-complete-293x300.jpg\" \/>\n<meta name=\"twitter:card\" content=\"summary_large_image\" \/>\n<meta name=\"twitter:label1\" content=\"Gesch\u00e4tzte Lesezeit\" \/>\n\t<meta name=\"twitter:data1\" content=\"2\u00a0Minuten\" \/>\n<script type=\"application\/ld+json\" class=\"yoast-schema-graph\">{\"@context\":\"https:\/\/schema.org\",\"@graph\":[{\"@type\":\"WebPage\",\"@id\":\"https:\/\/sandravandebergh.nl\/?page_id=23\",\"url\":\"https:\/\/sandravandebergh.nl\/?page_id=23\",\"name\":\"Musik CD und Sampler - Xandra S\u00e4ngerin aus den Niederlanden\",\"isPartOf\":{\"@id\":\"https:\/\/sandravandebergh.nl\/#website\"},\"datePublished\":\"2014-08-29T14:40:54+00:00\",\"dateModified\":\"2019-10-02T19:23:59+00:00\",\"description\":\"Musik, \u00dcbersicht von alle CDs und Sampler findet ihr auf der Webseite von Xandra, S\u00e4ngerin aus den Niederlanden. Goldene Stimme. 100 Prozent Live.\",\"breadcrumb\":{\"@id\":\"https:\/\/sandravandebergh.nl\/?page_id=23#breadcrumb\"},\"inLanguage\":\"de\",\"potentialAction\":[{\"@type\":\"ReadAction\",\"target\":[\"https:\/\/sandravandebergh.nl\/?page_id=23\"]}]},{\"@type\":\"BreadcrumbList\",\"@id\":\"https:\/\/sandravandebergh.nl\/?page_id=23#breadcrumb\",\"itemListElement\":[{\"@type\":\"ListItem\",\"position\":1,\"name\":\"Home\",\"item\":\"https:\/\/sandravandebergh.nl\/\"},{\"@type\":\"ListItem\",\"position\":2,\"name\":\"Musik\"}]},{\"@type\":\"WebSite\",\"@id\":\"https:\/\/sandravandebergh.nl\/#website\",\"url\":\"https:\/\/sandravandebergh.nl\/\",\"name\":\"Xandra\",\"description\":\"Die goldene Stimme aus den Niederlanden\",\"potentialAction\":[{\"@type\":\"SearchAction\",\"target\":{\"@type\":\"EntryPoint\",\"urlTemplate\":\"https:\/\/sandravandebergh.nl\/?s={search_term_string}\"},\"query-input\":\"required name=search_term_string\"}],\"inLanguage\":\"de\"}]}<\/script>\n<!-- \/ Yoast SEO plugin. -->","yoast_head_json":{"title":"Musik CD und Sampler - Xandra S\u00e4ngerin aus den Niederlanden","description":"Musik, \u00dcbersicht von alle CDs und Sampler findet ihr auf der Webseite von Xandra, S\u00e4ngerin aus den Niederlanden. Goldene Stimme. 100 Prozent Live.","robots":{"index":"index","follow":"follow","max-snippet":"max-snippet:-1","max-image-preview":"max-image-preview:large","max-video-preview":"max-video-preview:-1"},"canonical":"https:\/\/sandravandebergh.nl\/?page_id=23","og_locale":"de_DE","og_type":"article","og_title":"Musik CD und Sampler - Xandra S\u00e4ngerin aus den Niederlanden","og_description":"Musik, \u00dcbersicht von alle CDs und Sampler findet ihr auf der Webseite von Xandra, S\u00e4ngerin aus den Niederlanden. Goldene Stimme. 100 Prozent Live.","og_url":"https:\/\/sandravandebergh.nl\/?page_id=23","og_site_name":"Xandra","article_publisher":"https:\/\/www.facebook.com\/XandraSingerSongwriter\/","article_modified_time":"2019-10-02T19:23:59+00:00","og_image":[{"url":"https:\/\/sandravandebergh.nl\/wp-content\/uploads\/2014\/08\/Mission-I-cant-complete-293x300.jpg"}],"twitter_card":"summary_large_image","twitter_misc":{"Gesch\u00e4tzte Lesezeit":"2\u00a0Minuten"},"schema":{"@context":"https:\/\/schema.org","@graph":[{"@type":"WebPage","@id":"https:\/\/sandravandebergh.nl\/?page_id=23","url":"https:\/\/sandravandebergh.nl\/?page_id=23","name":"Musik CD und Sampler - Xandra S\u00e4ngerin aus den Niederlanden","isPartOf":{"@id":"https:\/\/sandravandebergh.nl\/#website"},"datePublished":"2014-08-29T14:40:54+00:00","dateModified":"2019-10-02T19:23:59+00:00","description":"Musik, \u00dcbersicht von alle CDs und Sampler findet ihr auf der Webseite von Xandra, S\u00e4ngerin aus den Niederlanden. Goldene Stimme. 100 Prozent Live.","breadcrumb":{"@id":"https:\/\/sandravandebergh.nl\/?page_id=23#breadcrumb"},"inLanguage":"de","potentialAction":[{"@type":"ReadAction","target":["https:\/\/sandravandebergh.nl\/?page_id=23"]}]},{"@type":"BreadcrumbList","@id":"https:\/\/sandravandebergh.nl\/?page_id=23#breadcrumb","itemListElement":[{"@type":"ListItem","position":1,"name":"Home","item":"https:\/\/sandravandebergh.nl\/"},{"@type":"ListItem","position":2,"name":"Musik"}]},{"@type":"WebSite","@id":"https:\/\/sandravandebergh.nl\/#website","url":"https:\/\/sandravandebergh.nl\/","name":"Xandra","description":"Die goldene Stimme aus den Niederlanden","potentialAction":[{"@type":"SearchAction","target":{"@type":"EntryPoint","urlTemplate":"https:\/\/sandravandebergh.nl\/?s={search_term_string}"},"query-input":"required name=search_term_string"}],"inLanguage":"de"}]}},"_links":{"self":[{"href":"https:\/\/sandravandebergh.nl\/index.php?rest_route=\/wp\/v2\/pages\/23"}],"collection":[{"href":"https:\/\/sandravandebergh.nl\/index.php?rest_route=\/wp\/v2\/pages"}],"about":[{"href":"https:\/\/sandravandebergh.nl\/index.php?rest_route=\/wp\/v2\/types\/page"}],"author":[{"embeddable":true,"href":"https:\/\/sandravandebergh.nl\/index.php?rest_route=\/wp\/v2\/users\/3"}],"replies":[{"embeddable":true,"href":"https:\/\/sandravandebergh.nl\/index.php?rest_route=%2Fwp%2Fv2%2Fcomments&post=23"}],"version-history":[{"count":15,"href":"https:\/\/sandravandebergh.nl\/index.php?rest_route=\/wp\/v2\/pages\/23\/revisions"}],"predecessor-version":[{"id":1922,"href":"https:\/\/sandravandebergh.nl\/index.php?rest_route=\/wp\/v2\/pages\/23\/revisions\/1922"}],"wp:attachment":[{"href":"https:\/\/sandravandebergh.nl\/index.php?rest_route=%2Fwp%2Fv2%2Fmedia&parent=23"}],"curies":[{"name":"wp","href":"https:\/\/api.w.org\/{rel}","templated":true}]}}