{"id":1515,"date":"2019-06-26T17:46:41","date_gmt":"2019-06-26T15:46:41","guid":{"rendered":"https:\/\/sandravandebergh.nl\/?page_id=1515"},"modified":"2019-10-02T21:36:13","modified_gmt":"2019-10-02T19:36:13","slug":"e-mail-erhalten","status":"publish","type":"page","link":"https:\/\/sandravandebergh.nl\/?page_id=1515","title":{"rendered":"E-Mail erhalten"},"content":{"rendered":"<p><!-- Begin Mailchimp Signup Form --><\/p>\n<p><span style=\"color: #000000;\">Sie m\u00f6chten gerne informiert bleiben \u00fcber Neuigkeiten \u00fcber Xandra? Melden Sie sich dann bitte hier unten an, und Sie verpassen keine Neuigkeit mehr!<\/span><\/p>\n<style type=\"text\/css\">\n\t#mc_embed_signup{background:#fff; clear:left; font:14px Helvetica,Arial,sans-serif; }<br \/>\t\/* Add your own Mailchimp form style overrides in your site stylesheet or in this style block.<br \/>\t   We recommend moving this block and the preceding CSS link to the HEAD of your HTML file. *\/<br \/><\/style>\n<div id=\"mc_embed_signup\">\n<form id=\"mc-embedded-subscribe-form\" class=\"validate\" action=\"https:\/\/sandravandebergh.us3.list-manage.com\/subscribe\/post?u=5c67a5244b4ca96a59d81efe5&amp;id=109d673f2d\" method=\"post\" name=\"mc-embedded-subscribe-form\" novalidate=\"\" target=\"_blank\">\n<div id=\"mc_embed_signup_scroll\">\n<h2>Anmelden<\/h2>\n<div class=\"indicates-required\"><em><span class=\"asterisk\">*<\/span> erforderlich<\/em><\/div>\n<div><\/div>\n<div class=\"mc-field-group\"><label for=\"mce-EMAIL\">Email Addresse<span class=\"asterisk\">*<\/span><br \/>\n<\/label><input id=\"mce-EMAIL\" class=\"required email\" name=\"EMAIL\" type=\"email\" value=\"\" \/><\/div>\n<div class=\"mc-field-group\"><label for=\"mce-FNAME\">Vorname<\/label><br \/>\n<input id=\"mce-FNAME\" class=\"\" name=\"FNAME\" type=\"text\" value=\"\" \/><\/div>\n<div class=\"mc-field-group\"><label for=\"mce-LNAME\">Nachname<\/label><br \/>\n<input id=\"mce-LNAME\" class=\"\" name=\"LNAME\" type=\"text\" value=\"\" \/><\/div>\n<div class=\"mc-field-group size1of2\">\n<p><span style=\"color: #333333;\"><label for=\"mce-BIRTHDAY-month\">Geburtstag<\/label><\/span><\/p>\n<div class=\"datefield\"><span class=\"subfield monthfield\"><input id=\"mce-BIRTHDAY-month\" class=\"birthday \" maxlength=\"2\" name=\"BIRTHDAY[month]\" pattern=\"[0-9]*\" size=\"2\" type=\"text\" value=\"\" placeholder=\"Monat\" \/><\/span> \/<br \/>\n<span class=\"subfield dayfield\"><input id=\"mce-BIRTHDAY-day\" class=\"birthday \" maxlength=\"2\" name=\"BIRTHDAY[day]\" pattern=\"[0-9]*\" size=\"2\" type=\"text\" value=\"\" placeholder=\"Tag\" \/><\/span><br \/>\n<span class=\"small-meta nowrap\">( MM \/ TT )<\/span><\/div>\n<\/div>\n<div id=\"mce-responses\" class=\"clear\">\n<div id=\"mce-error-response\" class=\"response\" style=\"display: none;\"><\/div>\n<div id=\"mce-success-response\" class=\"response\" style=\"display: none;\"><\/div>\n<\/div>\n<p><!-- real people should not fill this in and expect good things - do not remove this or risk form bot signups--><\/p>\n<div style=\"position: absolute; left: -5000px;\" aria-hidden=\"true\"><input tabindex=\"-1\" name=\"b_5c67a5244b4ca96a59d81efe5_109d673f2d\" type=\"text\" value=\"\" \/><\/div>\n<div class=\"clear\"><input id=\"mc-embedded-subscribe\" class=\"button\" name=\"subscribe\" type=\"submit\" value=\"Anmelden\" \/><\/div>\n<\/div>\n<\/form>\n<\/div>\n<p><script type=\"text\/javascript\" src=\"\/\/s3.amazonaws.com\/downloads.mailchimp.com\/js\/mc-validate.js\"><\/script><script type=\"text\/javascript\">(function($) {window.fnames = new Array(); window.ftypes = new Array();fnames[0]='EMAIL';ftypes[0]='email';fnames[1]='FNAME';ftypes[1]='text';fnames[2]='LNAME';ftypes[2]='text';fnames[3]='ADDRESS';ftypes[3]='address';fnames[4]='PHONE';ftypes[4]='phone';fnames[5]='BIRTHDAY';ftypes[5]='birthday';}(jQuery));var $mcj = jQuery.noConflict(true);<\/script><br \/>\n<!--End mc_embed_signup--><\/p>\n","protected":false},"excerpt":{"rendered":"<p>Sie m\u00f6chten gerne informiert bleiben \u00fcber Neuigkeiten \u00fcber Xandra? Melden Sie sich dann bitte hier unten an, und Sie verpassen keine Neuigkeit mehr! Anmelden * erforderlich Email Addresse* Vorname Nachname Geburtstag \/ ( MM \/ TT )<\/p>\n","protected":false},"author":3,"featured_media":0,"parent":0,"menu_order":0,"comment_status":"closed","ping_status":"closed","template":"","meta":[],"yoast_head":"<!-- This site is optimized with the Yoast SEO plugin v21.1 - https:\/\/yoast.com\/wordpress\/plugins\/seo\/ -->\n<title>E-Mail erhalten - Xandra<\/title>\n<meta name=\"robots\" content=\"index, follow, max-snippet:-1, max-image-preview:large, max-video-preview:-1\" \/>\n<link rel=\"canonical\" href=\"https:\/\/sandravandebergh.nl\/?page_id=1515\" \/>\n<meta property=\"og:locale\" content=\"de_DE\" \/>\n<meta property=\"og:type\" content=\"article\" \/>\n<meta property=\"og:title\" content=\"E-Mail erhalten - Xandra\" \/>\n<meta property=\"og:description\" content=\"Sie m\u00f6chten gerne informiert bleiben \u00fcber Neuigkeiten \u00fcber Xandra? Melden Sie sich dann bitte hier unten an, und Sie verpassen keine Neuigkeit mehr! Anmelden * erforderlich Email Addresse* Vorname Nachname Geburtstag \/ ( MM \/ TT )\" \/>\n<meta property=\"og:url\" content=\"https:\/\/sandravandebergh.nl\/?page_id=1515\" \/>\n<meta property=\"og:site_name\" content=\"Xandra\" \/>\n<meta property=\"article:publisher\" content=\"https:\/\/www.facebook.com\/XandraSingerSongwriter\/\" \/>\n<meta property=\"article:modified_time\" content=\"2019-10-02T19:36:13+00:00\" \/>\n<meta name=\"twitter:card\" content=\"summary_large_image\" \/>\n<script type=\"application\/ld+json\" class=\"yoast-schema-graph\">{\"@context\":\"https:\/\/schema.org\",\"@graph\":[{\"@type\":\"WebPage\",\"@id\":\"https:\/\/sandravandebergh.nl\/?page_id=1515\",\"url\":\"https:\/\/sandravandebergh.nl\/?page_id=1515\",\"name\":\"E-Mail erhalten - Xandra\",\"isPartOf\":{\"@id\":\"https:\/\/sandravandebergh.nl\/#website\"},\"datePublished\":\"2019-06-26T15:46:41+00:00\",\"dateModified\":\"2019-10-02T19:36:13+00:00\",\"breadcrumb\":{\"@id\":\"https:\/\/sandravandebergh.nl\/?page_id=1515#breadcrumb\"},\"inLanguage\":\"de\",\"potentialAction\":[{\"@type\":\"ReadAction\",\"target\":[\"https:\/\/sandravandebergh.nl\/?page_id=1515\"]}]},{\"@type\":\"BreadcrumbList\",\"@id\":\"https:\/\/sandravandebergh.nl\/?page_id=1515#breadcrumb\",\"itemListElement\":[{\"@type\":\"ListItem\",\"position\":1,\"name\":\"Home\",\"item\":\"https:\/\/sandravandebergh.nl\/\"},{\"@type\":\"ListItem\",\"position\":2,\"name\":\"E-Mail erhalten\"}]},{\"@type\":\"WebSite\",\"@id\":\"https:\/\/sandravandebergh.nl\/#website\",\"url\":\"https:\/\/sandravandebergh.nl\/\",\"name\":\"Xandra\",\"description\":\"Die goldene Stimme aus den Niederlanden\",\"potentialAction\":[{\"@type\":\"SearchAction\",\"target\":{\"@type\":\"EntryPoint\",\"urlTemplate\":\"https:\/\/sandravandebergh.nl\/?s={search_term_string}\"},\"query-input\":\"required name=search_term_string\"}],\"inLanguage\":\"de\"}]}<\/script>\n<!-- \/ Yoast SEO plugin. -->","yoast_head_json":{"title":"E-Mail erhalten - Xandra","robots":{"index":"index","follow":"follow","max-snippet":"max-snippet:-1","max-image-preview":"max-image-preview:large","max-video-preview":"max-video-preview:-1"},"canonical":"https:\/\/sandravandebergh.nl\/?page_id=1515","og_locale":"de_DE","og_type":"article","og_title":"E-Mail erhalten - Xandra","og_description":"Sie m\u00f6chten gerne informiert bleiben \u00fcber Neuigkeiten \u00fcber Xandra? Melden Sie sich dann bitte hier unten an, und Sie verpassen keine Neuigkeit mehr! Anmelden * erforderlich Email Addresse* Vorname Nachname Geburtstag \/ ( MM \/ TT )","og_url":"https:\/\/sandravandebergh.nl\/?page_id=1515","og_site_name":"Xandra","article_publisher":"https:\/\/www.facebook.com\/XandraSingerSongwriter\/","article_modified_time":"2019-10-02T19:36:13+00:00","twitter_card":"summary_large_image","schema":{"@context":"https:\/\/schema.org","@graph":[{"@type":"WebPage","@id":"https:\/\/sandravandebergh.nl\/?page_id=1515","url":"https:\/\/sandravandebergh.nl\/?page_id=1515","name":"E-Mail erhalten - Xandra","isPartOf":{"@id":"https:\/\/sandravandebergh.nl\/#website"},"datePublished":"2019-06-26T15:46:41+00:00","dateModified":"2019-10-02T19:36:13+00:00","breadcrumb":{"@id":"https:\/\/sandravandebergh.nl\/?page_id=1515#breadcrumb"},"inLanguage":"de","potentialAction":[{"@type":"ReadAction","target":["https:\/\/sandravandebergh.nl\/?page_id=1515"]}]},{"@type":"BreadcrumbList","@id":"https:\/\/sandravandebergh.nl\/?page_id=1515#breadcrumb","itemListElement":[{"@type":"ListItem","position":1,"name":"Home","item":"https:\/\/sandravandebergh.nl\/"},{"@type":"ListItem","position":2,"name":"E-Mail erhalten"}]},{"@type":"WebSite","@id":"https:\/\/sandravandebergh.nl\/#website","url":"https:\/\/sandravandebergh.nl\/","name":"Xandra","description":"Die goldene Stimme aus den Niederlanden","potentialAction":[{"@type":"SearchAction","target":{"@type":"EntryPoint","urlTemplate":"https:\/\/sandravandebergh.nl\/?s={search_term_string}"},"query-input":"required name=search_term_string"}],"inLanguage":"de"}]}},"_links":{"self":[{"href":"https:\/\/sandravandebergh.nl\/index.php?rest_route=\/wp\/v2\/pages\/1515"}],"collection":[{"href":"https:\/\/sandravandebergh.nl\/index.php?rest_route=\/wp\/v2\/pages"}],"about":[{"href":"https:\/\/sandravandebergh.nl\/index.php?rest_route=\/wp\/v2\/types\/page"}],"author":[{"embeddable":true,"href":"https:\/\/sandravandebergh.nl\/index.php?rest_route=\/wp\/v2\/users\/3"}],"replies":[{"embeddable":true,"href":"https:\/\/sandravandebergh.nl\/index.php?rest_route=%2Fwp%2Fv2%2Fcomments&post=1515"}],"version-history":[{"count":4,"href":"https:\/\/sandravandebergh.nl\/index.php?rest_route=\/wp\/v2\/pages\/1515\/revisions"}],"predecessor-version":[{"id":1925,"href":"https:\/\/sandravandebergh.nl\/index.php?rest_route=\/wp\/v2\/pages\/1515\/revisions\/1925"}],"wp:attachment":[{"href":"https:\/\/sandravandebergh.nl\/index.php?rest_route=%2Fwp%2Fv2%2Fmedia&parent=1515"}],"curies":[{"name":"wp","href":"https:\/\/api.w.org\/{rel}","templated":true}]}}